

{"id":264977,"date":"2025-01-28T14:31:11","date_gmt":"2025-01-28T12:31:11","guid":{"rendered":"https:\/\/zakat.ch\/?page_id=264977"},"modified":"2025-01-28T14:31:11","modified_gmt":"2025-01-28T12:31:11","slug":"aide-nepal-planter-arbres","status":"publish","type":"page","link":"https:\/\/zakat.ch\/fr\/aide-nepal-planter-arbres\/","title":{"rendered":"Aidez le N\u00e9pal en plantant des arbres"},"content":{"rendered":"<p>[et_pb_section fb_built=\u00a0\u00bb1&Prime; custom_padding_last_edited=\u00a0\u00bbon|tablet\u00a0\u00bb disabled_on=\u00a0\u00bboff|off|off\u00a0\u00bb module_class=\u00a0\u00bbhome-banner morocco-banner-wrap\u00a0\u00bb _builder_version=\u00a0\u00bb4.27.4&Prime; _module_preset=\u00a0\u00bbdefault\u00a0\u00bb background_enable_image=\u00a0\u00bboff\u00a0\u00bb background_position=\u00a0\u00bbtop_center\u00a0\u00bb min_height=\u00a0\u00bb700px\u00a0\u00bb min_height_tablet=\u00a0\u00bb700px\u00a0\u00bb min_height_phone=\u00a0\u00bb600px\u00a0\u00bb min_height_last_edited=\u00a0\u00bbon|phone\u00a0\u00bb height=\u00a0\u00bb100%\u00a0\u00bb height_tablet=\u00a0\u00bb100%\u00a0\u00bb height_phone=\u00a0\u00bb100%\u00a0\u00bb height_last_edited=\u00a0\u00bbon|desktop\u00a0\u00bb custom_margin=\u00a0\u00bb100px||-110px||false|false\u00a0\u00bb custom_margin_tablet=\u00a0\u00bb0px||-50px||false|false\u00a0\u00bb custom_margin_phone=\u00a0\u00bb80px||||false|false\u00a0\u00bb custom_margin_last_edited=\u00a0\u00bbon|tablet\u00a0\u00bb custom_padding=\u00a0\u00bb0px||0px|0px|false|false\u00a0\u00bb custom_padding_tablet=\u00a0\u00bb|20px||20px|false|false\u00a0\u00bb custom_padding_phone=\u00a0\u00bb|15px||15px|false|false\u00a0\u00bb locked=\u00a0\u00bboff\u00a0\u00bb global_colors_info=\u00a0\u00bb{}\u00a0\u00bb pre_header_font_size_tablet=\u00a0\u00bb38px\u00a0\u00bb pre_header_font_size_phone=\u00a0\u00bb30px\u00a0\u00bb pre_header_font_size_last_edited=\u00a0\u00bbon|tablet\u00a0\u00bb pre_header_line_height_tablet=\u00a0\u00bb48px\u00a0\u00bb pre_header_line_height_phone=\u00a0\u00bb40px\u00a0\u00bb pre_header_line_height_last_edited=\u00a0\u00bbon|tablet\u00a0\u00bb main_header_font_size_tablet=\u00a0\u00bb38px\u00a0\u00bb main_header_font_size_phone=\u00a0\u00bb30px\u00a0\u00bb main_header_font_size_last_edited=\u00a0\u00bbon|phone\u00a0\u00bb main_header_line_height_tablet=\u00a0\u00bb48px\u00a0\u00bb main_header_line_height_phone=\u00a0\u00bb40px\u00a0\u00bb main_header_line_height_last_edited=\u00a0\u00bbon|tablet\u00a0\u00bb][et_pb_row column_structure=\u00a0\u00bb1_2,1_2&Prime; use_custom_gutter=\u00a0\u00bbon\u00a0\u00bb gutter_width=\u00a0\u00bb1&Prime; make_equal=\u00a0\u00bbon\u00a0\u00bb custom_padding_last_edited=\u00a0\u00bbon|phone\u00a0\u00bb _builder_version=\u00a0\u00bb4.27.4&Prime; _module_preset=\u00a0\u00bbdefault\u00a0\u00bb background_enable_color=\u00a0\u00bboff\u00a0\u00bb width=\u00a0\u00bb100%\u00a0\u00bb width_tablet=\u00a0\u00bb100%\u00a0\u00bb width_phone=\u00a0\u00bb100%\u00a0\u00bb width_last_edited=\u00a0\u00bbon|phone\u00a0\u00bb max_width=\u00a0\u00bb1110px\u00a0\u00bb custom_margin=\u00a0\u00bb0px||||false|false\u00a0\u00bb custom_margin_tablet=\u00a0\u00bb200px||||false|false\u00a0\u00bb custom_margin_phone=\u00a0\u00bb0px||0px||false|false\u00a0\u00bb custom_margin_last_edited=\u00a0\u00bbon|phone\u00a0\u00bb custom_padding=\u00a0\u00bb0px|0px|0px|0px|false|true\u00a0\u00bb custom_padding_tablet=\u00a0\u00bb0px|0px|0px|0px|false|false\u00a0\u00bb custom_padding_phone=\u00a0\u00bb0px||0px||false|false\u00a0\u00bb global_colors_info=\u00a0\u00bb{}\u00a0\u00bb][et_pb_column type=\u00a0\u00bb1_2&Prime; admin_label=\u00a0\u00bbColumn\u00a0\u00bb _builder_version=\u00a0\u00bb4.22.1&Prime; _module_preset=\u00a0\u00bbdefault\u00a0\u00bb custom_css_main_element=\u00a0\u00bbalign-self: center;\u00a0\u00bb global_colors_info=\u00a0\u00bb{}\u00a0\u00bb][et_pb_image src=\u00a0\u00bbhttps:\/\/zakat.ch\/wp-content\/uploads\/2025\/01\/nepal_planting_trees.png\u00a0\u00bb title_text=\u00a0\u00bbnepal_planting_trees\u00a0\u00bb align_tablet=\u00a0\u00bbcenter\u00a0\u00bb align_phone=\u00a0\u00bbcenter\u00a0\u00bb align_last_edited=\u00a0\u00bbon|desktop\u00a0\u00bb _builder_version=\u00a0\u00bb4.27.4&Prime; _module_preset=\u00a0\u00bbdefault\u00a0\u00bb global_colors_info=\u00a0\u00bb{}\u00a0\u00bb][\/et_pb_image][\/et_pb_column][et_pb_column type=\u00a0\u00bb1_2&Prime; admin_label=\u00a0\u00bbColumn\u00a0\u00bb _builder_version=\u00a0\u00bb4.27.4&Prime; _module_preset=\u00a0\u00bbdefault\u00a0\u00bb background_color=\u00a0\u00bbRGBA(255,255,255,0)\u00a0\u00bb custom_padding=\u00a0\u00bb30px|30px|30px|30px|true|true\u00a0\u00bb background_last_edited=\u00a0\u00bbon|phone\u00a0\u00bb use_background_color_gradient_tablet=\u00a0\u00bboff\u00a0\u00bb use_background_color_gradient_phone=\u00a0\u00bboff\u00a0\u00bb custom_css_main_element=\u00a0\u00bbalign-self: center;\u00a0\u00bb border_radii=\u00a0\u00bbon|10px|10px|10px|10px\u00a0\u00bb global_colors_info=\u00a0\u00bb{}\u00a0\u00bb][dipl_double_color_heading heading_pre_part=\u00a0\u00bbPlanter l&rsquo;avenir ensemble &#8211;\u00a0\u00bb heading_main_part=\u00a0\u00bbAujourd&rsquo;hui le N\u00e9pal, demain le monde !\u00a0\u00bb _builder_version=\u00a0\u00bb4.27.4&Prime; _module_preset=\u00a0\u00bbdefault\u00a0\u00bb pre_header_font=\u00a0\u00bbtt interphases pro trl|700|||||||\u00a0\u00bb pre_header_text_color=\u00a0\u00bb#20413C\u00a0\u00bb pre_header_font_size=\u00a0\u00bb39px\u00a0\u00bb pre_header_line_height=\u00a0\u00bb49px\u00a0\u00bb main_header_font=\u00a0\u00bbtt interphases pro trl|700|||||||\u00a0\u00bb main_header_text_color=\u00a0\u00bb#20413C\u00a0\u00bb main_header_font_size=\u00a0\u00bb39px\u00a0\u00bb main_header_line_height=\u00a0\u00bb49px\u00a0\u00bb hover_enabled=\u00a0\u00bb0&Prime; pre_header_font_size_tablet=\u00a0\u00bb36px\u00a0\u00bb pre_header_font_size_phone=\u00a0\u00bb34px\u00a0\u00bb pre_header_font_size_last_edited=\u00a0\u00bbon|tablet\u00a0\u00bb pre_header_line_height_tablet=\u00a0\u00bb46px\u00a0\u00bb pre_header_line_height_phone=\u00a0\u00bb44px\u00a0\u00bb pre_header_line_height_last_edited=\u00a0\u00bbon|desktop\u00a0\u00bb main_header_font_size_tablet=\u00a0\u00bb36px\u00a0\u00bb main_header_font_size_phone=\u00a0\u00bb34px\u00a0\u00bb main_header_font_size_last_edited=\u00a0\u00bbon|tablet\u00a0\u00bb main_header_line_height_tablet=\u00a0\u00bb46px\u00a0\u00bb main_header_line_height_phone=\u00a0\u00bb44px\u00a0\u00bb main_header_line_height_last_edited=\u00a0\u00bbon|tablet\u00a0\u00bb global_colors_info=\u00a0\u00bb{}\u00a0\u00bb sticky_enabled=\u00a0\u00bb0&Prime;][\/dipl_double_color_heading][et_pb_text _builder_version=\u00a0\u00bb4.27.4&Prime; _module_preset=\u00a0\u00bbdefault\u00a0\u00bb text_font=\u00a0\u00bbtt interphases pro trl|500|||||||\u00a0\u00bb text_line_height=\u00a0\u00bb24px\u00a0\u00bb custom_padding=\u00a0\u00bb15px||||false|false\u00a0\u00bb locked=\u00a0\u00bboff\u00a0\u00bb global_colors_info=\u00a0\u00bb{}\u00a0\u00bb]<\/p>\n<p><span>Imaginez un peu ! Avec seulement 1 franc, tu peux rendre le monde meilleur ! La Swiss Zakat Foundation te donne la possibilit\u00e9 d&rsquo;\u00eatre actif ! Au N\u00e9pal, nous plantons des arbres fruitiers, des noyers et des caf\u00e9iers afin d&rsquo;augmenter les revenus des agriculteurs, de renforcer leurs familles et de prot\u00e9ger notre environnement. Ces arbres ne fournissent pas seulement de la nourriture, ils filtrent \u00e9galement le CO\u2082 de l&rsquo;air et r\u00e9g\u00e9n\u00e8rent notre nature.<\/span><\/p>\n<p>[\/et_pb_text][et_pb_button button_url=\u00a0\u00bbhttps:\/\/zakat.koalect.com\/fr-FR\/project\/help-plant-trees-in-nepal?tab=vue-d-ensemble\u00a0\u00bb url_new_window=\u00a0\u00bbon\u00a0\u00bb button_text=\u00a0\u00bbSoutenir le projet\u00a0\u00bb button_alignment=\u00a0\u00bbleft\u00a0\u00bb module_class=\u00a0\u00bbbtn-wrap\u00a0\u00bb _builder_version=\u00a0\u00bb4.27.4&Prime; _module_preset=\u00a0\u00bbdefault\u00a0\u00bb custom_button=\u00a0\u00bbon\u00a0\u00bb button_text_size=\u00a0\u00bb18px\u00a0\u00bb button_text_color=\u00a0\u00bbgcid-b398076b-b9ba-47f6-aee0-f4c044453c77&Prime; button_bg_color=\u00a0\u00bbgcid-3f6bca2c-c5b8-4497-9da5-c40060b0d88b\u00a0\u00bb button_border_width=\u00a0\u00bb2px\u00a0\u00bb button_border_color=\u00a0\u00bbgcid-3f6bca2c-c5b8-4497-9da5-c40060b0d88b\u00a0\u00bb button_border_radius=\u00a0\u00bb30px\u00a0\u00bb button_font=\u00a0\u00bbproxima Sera|500|on||||||\u00a0\u00bb button_use_icon=\u00a0\u00bboff\u00a0\u00bb custom_margin=\u00a0\u00bb30px||||false|false\u00a0\u00bb custom_margin_tablet=\u00a0\u00bb30px||||false|false\u00a0\u00bb custom_margin_phone=\u00a0\u00bb30px||||false|false\u00a0\u00bb custom_margin_last_edited=\u00a0\u00bbon|desktop\u00a0\u00bb custom_padding=\u00a0\u00bb10px|30px|10px|30px|false|false\u00a0\u00bb custom_padding_tablet=\u00a0\u00bb||||false|false\u00a0\u00bb custom_padding_phone=\u00a0\u00bb||||false|false\u00a0\u00bb custom_padding_last_edited=\u00a0\u00bbon|desktop\u00a0\u00bb hover_transition_duration=\u00a0\u00bb0ms\u00a0\u00bb locked=\u00a0\u00bboff\u00a0\u00bb global_colors_info=\u00a0\u00bb{%22gcid-b398076b-b9ba-47f6-aee0-f4c044453c77%22:%91%22button_text_color%22%93,%22gcid-3f6bca2c-c5b8-4497-9da5-c40060b0d88b%22:%91%22button_bg_color%22,%22button_text_color__hover%22,%22button_border_color%22,%22button_border_color__hover%22%93}\u00a0\u00bb button_text_color__hover_enabled=\u00a0\u00bbon|hover\u00a0\u00bb button_text_color__hover=\u00a0\u00bb#ef5138&Prime; button_bg_color__hover_enabled=\u00a0\u00bbon|hover\u00a0\u00bb button_bg_color__hover=\u00a0\u00bbRGBA(255,255,255,0)\u00a0\u00bb button_bg_enable_color__hover=\u00a0\u00bbon\u00a0\u00bb button_border_color__hover_enabled=\u00a0\u00bbon|desktop\u00a0\u00bb button_border_color__hover=\u00a0\u00bb#ef5138&Prime;][\/et_pb_button][\/et_pb_column][\/et_pb_row][\/et_pb_section][et_pb_section fb_built=\u00a0\u00bb1&Prime; custom_padding_last_edited=\u00a0\u00bbon|phone\u00a0\u00bb _builder_version=\u00a0\u00bb4.27.4&Prime; _module_preset=\u00a0\u00bbdefault\u00a0\u00bb custom_padding_tablet=\u00a0\u00bb|0px||0px|false|false\u00a0\u00bb custom_padding_phone=\u00a0\u00bb|0px||0px|false|false\u00a0\u00bb global_colors_info=\u00a0\u00bb{}\u00a0\u00bb][et_pb_row _builder_version=\u00a0\u00bb4.27.4&Prime; _module_preset=\u00a0\u00bbdefault\u00a0\u00bb global_colors_info=\u00a0\u00bb{}\u00a0\u00bb][et_pb_column type=\u00a0\u00bb4_4&Prime; _builder_version=\u00a0\u00bb4.27.4&Prime; _module_preset=\u00a0\u00bbdefault\u00a0\u00bb global_colors_info=\u00a0\u00bb{}\u00a0\u00bb][et_pb_text _builder_version=\u00a0\u00bb4.27.4&Prime; _module_preset=\u00a0\u00bbdefault\u00a0\u00bb header_2_font=\u00a0\u00bbtt interphases pro trl||||||||\u00a0\u00bb header_2_text_color=\u00a0\u00bb#20413C\u00a0\u00bb custom_margin_tablet=\u00a0\u00bb|||-26px|false|false\u00a0\u00bb custom_margin_phone=\u00a0\u00bb|||0px|false|false\u00a0\u00bb custom_margin_last_edited=\u00a0\u00bbon|phone\u00a0\u00bb locked=\u00a0\u00bboff\u00a0\u00bb global_colors_info=\u00a0\u00bb{}\u00a0\u00bb]<\/p>\n<h2>Pourquoi c&rsquo;est important : les familles et la nature en harmonie.<\/h2>\n<p>En apportant votre soutien, vous n&rsquo;aidez pas seulement une famille d&rsquo;agriculteurs au N\u00e9pal, mais vous leur offrez un moyen de subsistance durable pour de nombreuses ann\u00e9es. Chaque arbre am\u00e9liore leur revenu tout en prot\u00e9geant la nature, tandis que nous luttons ensemble contre le changement climatique.<\/p>\n<h2>Notre vision : aujourd&rsquo;hui le N\u00e9pal, demain l&rsquo;Afrique du Nord.<\/h2>\n<p><span>Apr\u00e8s notre succ\u00e8s au N\u00e9pal, nous voulons continuer \u00e0 nous d\u00e9velopper ! Avec votre aide, nous pourrons \u00e9galement planter des arbres en Afrique du Nord et reconstruire des r\u00e9gions qui souffrent de la d\u00e9forestation. Votre don est plus qu&rsquo;un arbre &#8211; c&rsquo;est de l&rsquo;espoir, de la croissance et un lendemain durable.<\/span><\/p>\n<p>[\/et_pb_text][\/et_pb_column][\/et_pb_row][\/et_pb_section][et_pb_section fb_built=\u00a0\u00bb1&Prime; custom_padding_last_edited=\u00a0\u00bbon|tablet\u00a0\u00bb _builder_version=\u00a0\u00bb4.23.1&Prime; _module_preset=\u00a0\u00bbdefault\u00a0\u00bb use_background_color_gradient=\u00a0\u00bbon\u00a0\u00bb background_color_gradient_direction=\u00a0\u00bb90deg\u00a0\u00bb background_color_gradient_stops=\u00a0\u00bb#f4e8d1 0%|#ffffff 54%\u00a0\u00bb background_enable_image=\u00a0\u00bboff\u00a0\u00bb background_size=\u00a0\u00bbcontain\u00a0\u00bb background_position=\u00a0\u00bbcenter_left\u00a0\u00bb background_horizontal_offset=\u00a0\u00bb-6%\u00a0\u00bb max_height=\u00a0\u00bb405px\u00a0\u00bb max_height_tablet=\u00a0\u00bb405px\u00a0\u00bb max_height_phone=\u00a0\u00bb405px\u00a0\u00bb max_height_last_edited=\u00a0\u00bbon|phone\u00a0\u00bb custom_padding_tablet=\u00a0\u00bb|20px||20px|false|false\u00a0\u00bb custom_padding_phone=\u00a0\u00bb|15px||15px|false|false\u00a0\u00bb background_last_edited=\u00a0\u00bbon|desktop\u00a0\u00bb background_enable_image_tablet=\u00a0\u00bboff\u00a0\u00bb global_colors_info=\u00a0\u00bb{}\u00a0\u00bb][et_pb_row make_equal=\u00a0\u00bbon\u00a0\u00bb custom_padding_last_edited=\u00a0\u00bbon|phone\u00a0\u00bb _builder_version=\u00a0\u00bb4.23&Prime; _module_preset=\u00a0\u00bbdefault\u00a0\u00bb width=\u00a0\u00bb100%\u00a0\u00bb max_width=\u00a0\u00bb1110px\u00a0\u00bb custom_padding_tablet=\u00a0\u00bb\u00a0\u00bb custom_padding_phone=\u00a0\u00bb0px||0px||false|false\u00a0\u00bb global_colors_info=\u00a0\u00bb{}\u00a0\u00bb][et_pb_column type=\u00a0\u00bb4_4&Prime; _builder_version=\u00a0\u00bb4.23&Prime; _module_preset=\u00a0\u00bbdefault\u00a0\u00bb global_colors_info=\u00a0\u00bb{}\u00a0\u00bb][et_pb_image src=\u00a0\u00bbhttps:\/\/zakat.ch\/wp-content\/uploads\/2025\/01\/un-goals-for-development.png\u00a0\u00bb title_text=\u00a0\u00bbun goals for development\u00a0\u00bb _builder_version=\u00a0\u00bb4.27.4&Prime; _module_preset=\u00a0\u00bbdefault\u00a0\u00bb global_colors_info=\u00a0\u00bb{}\u00a0\u00bb][\/et_pb_image][\/et_pb_column][\/et_pb_row][\/et_pb_section][et_pb_section fb_built=\u00a0\u00bb1&Prime; custom_padding_last_edited=\u00a0\u00bbon|desktop\u00a0\u00bb admin_label=\u00a0\u00bbSection\u00a0\u00bb _builder_version=\u00a0\u00bb4.27.4&Prime; _module_preset=\u00a0\u00bbdefault\u00a0\u00bb custom_padding_tablet=\u00a0\u00bb|30px||50px|false|false\u00a0\u00bb custom_padding_phone=\u00a0\u00bb|35px||35px|false|false\u00a0\u00bb global_colors_info=\u00a0\u00bb{}\u00a0\u00bb][et_pb_row column_structure=\u00a0\u00bb1_2,1_2&Prime; make_equal=\u00a0\u00bbon\u00a0\u00bb custom_padding_last_edited=\u00a0\u00bbon|phone\u00a0\u00bb _builder_version=\u00a0\u00bb4.27.4&Prime; _module_preset=\u00a0\u00bbdefault\u00a0\u00bb width=\u00a0\u00bb100%\u00a0\u00bb max_width=\u00a0\u00bb1110px\u00a0\u00bb custom_padding_tablet=\u00a0\u00bb\u00a0\u00bb custom_padding_phone=\u00a0\u00bb0px||||false|false\u00a0\u00bb global_colors_info=\u00a0\u00bb{}\u00a0\u00bb][et_pb_column type=\u00a0\u00bb1_2&Prime; _builder_version=\u00a0\u00bb4.20.2&Prime; _module_preset=\u00a0\u00bbdefault\u00a0\u00bb global_colors_info=\u00a0\u00bb{}\u00a0\u00bb][et_pb_text _builder_version=\u00a0\u00bb4.27.4&Prime; _module_preset=\u00a0\u00bbdefault\u00a0\u00bb text_font=\u00a0\u00bbtt interphases pro trl|500|||||||\u00a0\u00bb text_line_height=\u00a0\u00bb24px\u00a0\u00bb header_2_font=\u00a0\u00bbtt interphases pro trl||||||||\u00a0\u00bb header_2_text_color=\u00a0\u00bb#20413C\u00a0\u00bb global_colors_info=\u00a0\u00bb{}\u00a0\u00bb]<\/p>\n<h2>\u00c9change interculturel &#8211; Ensemble pour un monde meilleur<\/h2>\n<p>Ce qui nous rend sp\u00e9ciaux ? Votre contribution favorise les \u00e9changes interculturels ! Vous aidez \u00e0 construire des ponts entre les cultures, de sorte que les gens apprennent les uns des autres et travaillent ensemble pour un avenir meilleur.<\/p>\n<h2>Changez le monde avec seulement 1 franc !<\/h2>\n<p>Oui, vous avez bien lu &#8211; 1 franc suffit pour planter un arbre qui portera ses fruits et nourrira des familles pendant plus de 50 ans. Un arbre peut absorber jusqu&rsquo;\u00e0 22 kilogrammes de CO\u2082 par an &#8211; c&rsquo;est votre contribution directe \u00e0 la protection du climat !<\/p>\n<p><strong>Offrez l&rsquo;avenir et rendez chaque anniversaire inoubliable &#8211; plantez avec nous pour un monde meilleur !<\/strong><\/p>\n<p>Suivez-nous sur Instagram et tenez-vous au courant. Changeons le monde ensemble &#8211; arbre par arbre !<\/p>\n<p>[\/et_pb_text][et_pb_button button_url=\u00a0\u00bbhttps:\/\/zakat.koalect.com\/fr-FR\/project\/help-plant-trees-in-nepal?tab=vue-d-ensemble\u00a0\u00bb url_new_window=\u00a0\u00bbon\u00a0\u00bb button_text=\u00a0\u00bbSoutenir le projet\u00a0\u00bb button_alignment=\u00a0\u00bbleft\u00a0\u00bb button_alignment_tablet=\u00a0\u00bbcenter\u00a0\u00bb button_alignment_phone=\u00a0\u00bbcenter\u00a0\u00bb button_alignment_last_edited=\u00a0\u00bbon|tablet\u00a0\u00bb _builder_version=\u00a0\u00bb4.27.4&Prime; _module_preset=\u00a0\u00bbdefault\u00a0\u00bb custom_button=\u00a0\u00bbon\u00a0\u00bb button_text_size=\u00a0\u00bb18px\u00a0\u00bb button_text_color=\u00a0\u00bb#FFFFFF\u00a0\u00bb button_bg_color=\u00a0\u00bbgcid-3f6bca2c-c5b8-4497-9da5-c40060b0d88b\u00a0\u00bb button_border_radius=\u00a0\u00bb30px\u00a0\u00bb button_font=\u00a0\u00bbproxima Sera||on||||||\u00a0\u00bb locked=\u00a0\u00bboff\u00a0\u00bb global_colors_info=\u00a0\u00bb{%22gcid-3f6bca2c-c5b8-4497-9da5-c40060b0d88b%22:%91%22button_bg_color%22%93,%22gcid-074ead7b-f9e4-4a58-8a98-c224b4718306%22:%91%22button_bg_color__hover%22%93}\u00a0\u00bb button_bg_color__hover_enabled=\u00a0\u00bbon|desktop\u00a0\u00bb button_bg_color__hover=\u00a0\u00bb#20413c\u00a0\u00bb button_bg_enable_color__hover=\u00a0\u00bbon\u00a0\u00bb][\/et_pb_button][\/et_pb_column][et_pb_column type=\u00a0\u00bb1_2&Prime; _builder_version=\u00a0\u00bb4.23&Prime; _module_preset=\u00a0\u00bbdefault\u00a0\u00bb custom_padding=\u00a0\u00bb|||0px|false|false\u00a0\u00bb custom_padding_tablet=\u00a0\u00bb0px|||0px|false|false\u00a0\u00bb custom_padding_phone=\u00a0\u00bb40px|||0px|false|false\u00a0\u00bb custom_padding_last_edited=\u00a0\u00bbon|phone\u00a0\u00bb global_colors_info=\u00a0\u00bb{}\u00a0\u00bb][et_pb_image src=\u00a0\u00bbhttps:\/\/zakat.ch\/wp-content\/uploads\/2025\/01\/nepal_team_collaboration.png\u00a0\u00bb title_text=\u00a0\u00bbnepal_team_collaboration\u00a0\u00bb align_tablet=\u00a0\u00bb\u00a0\u00bb align_phone=\u00a0\u00bb\u00a0\u00bb align_last_edited=\u00a0\u00bbon|tablet\u00a0\u00bb _builder_version=\u00a0\u00bb4.27.4&Prime; _module_preset=\u00a0\u00bbdefault\u00a0\u00bb max_width=\u00a0\u00bb100%\u00a0\u00bb max_width_tablet=\u00a0\u00bb60%\u00a0\u00bb max_width_phone=\u00a0\u00bb90%\u00a0\u00bb max_width_last_edited=\u00a0\u00bbon|phone\u00a0\u00bb module_alignment=\u00a0\u00bbleft\u00a0\u00bb custom_margin=\u00a0\u00bb0px||0px||false|false\u00a0\u00bb custom_padding=\u00a0\u00bb|||32px|false|false\u00a0\u00bb custom_padding_tablet=\u00a0\u00bb|||0px|false|false\u00a0\u00bb custom_padding_phone=\u00a0\u00bb|||0px|false|false\u00a0\u00bb custom_padding_last_edited=\u00a0\u00bbon|phone\u00a0\u00bb module_alignment_tablet=\u00a0\u00bbcenter\u00a0\u00bb module_alignment_phone=\u00a0\u00bbcenter\u00a0\u00bb module_alignment_last_edited=\u00a0\u00bbon|tablet\u00a0\u00bb border_radii=\u00a0\u00bbon|5px|5px|5px|5px\u00a0\u00bb locked=\u00a0\u00bboff\u00a0\u00bb global_colors_info=\u00a0\u00bb{}\u00a0\u00bb][\/et_pb_image][et_pb_code admin_label=\u00a0\u00bbCode\u00a0\u00bb _builder_version=\u00a0\u00bb4.23&Prime; _module_preset=\u00a0\u00bbdefault\u00a0\u00bb global_colors_info=\u00a0\u00bb{}\u00a0\u00bb]<script><!-- [et_pb_line_break_holder] -->jQuery(document).ready(function($) {<!-- [et_pb_line_break_holder] -->if ($('.dm-autoplay-btn .et_pb_video_box').length !== 0) {<!-- [et_pb_line_break_holder] -->$('.dm-autoplay-btn .et_pb_video_box').find('video').prop('muted', true);<!-- [et_pb_line_break_holder] -->$(\".dm-autoplay-btn .et_pb_video_box\").find('video').attr('loop', 'loop');<!-- [et_pb_line_break_holder] -->$(\".dm-autoplay-btn .et_pb_video_box\").find('video').attr('playsInline', '');<!-- [et_pb_line_break_holder] -->$(\".dm-autoplay-btn .et_pb_video_box\").each(function() {<!-- [et_pb_line_break_holder] -->$(this).find('video').get(0).play();<!-- [et_pb_line_break_holder] -->});<!-- [et_pb_line_break_holder] -->}<!-- [et_pb_line_break_holder] -->});<!-- [et_pb_line_break_holder] --><\/script>[\/et_pb_code][\/et_pb_column][\/et_pb_row][\/et_pb_section]<\/p>\n","protected":false},"excerpt":{"rendered":"<p><div class=\"et_pb_module dipl_double_color_heading dipl_double_color_heading_0 \">\n\t\t\t\t\n\t\t\t\t\n\t\t\t\t\n\t\t\t\t\n\t\t\t\t\n\t\t\t\t\n\t\t\t\t<div class=\"et_pb_module_inner\">\n\t\t\t\t\t<div class=\"dipl_text_wrapper\"><h2><span class=\"dipl_pre_text\">Planter l&#039;avenir ensemble -<\/span><span class=\"dipl_main_text\">&nbsp;Aujourd&#039;hui le N\u00e9pal, demain le monde !<\/span><\/h2><\/div>\n\t\t\t\t<\/div>\n\t\t\t<\/div>Imaginez un peu ! Avec seulement 1 franc, tu peux rendre le monde [&hellip;]<\/p>\n","protected":false},"author":25,"featured_media":0,"parent":0,"menu_order":0,"comment_status":"closed","ping_status":"closed","template":"","meta":{"_acf_changed":false,"_et_pb_use_builder":"on","_et_pb_old_content":"","_et_gb_content_width":"","inline_featured_image":false,"footnotes":""},"class_list":["post-264977","page","type-page","status-publish","hentry"],"acf":[],"_links":{"self":[{"href":"https:\/\/zakat.ch\/fr\/wp-json\/wp\/v2\/pages\/264977","targetHints":{"allow":["GET"]}}],"collection":[{"href":"https:\/\/zakat.ch\/fr\/wp-json\/wp\/v2\/pages"}],"about":[{"href":"https:\/\/zakat.ch\/fr\/wp-json\/wp\/v2\/types\/page"}],"author":[{"embeddable":true,"href":"https:\/\/zakat.ch\/fr\/wp-json\/wp\/v2\/users\/25"}],"replies":[{"embeddable":true,"href":"https:\/\/zakat.ch\/fr\/wp-json\/wp\/v2\/comments?post=264977"}],"version-history":[{"count":0,"href":"https:\/\/zakat.ch\/fr\/wp-json\/wp\/v2\/pages\/264977\/revisions"}],"wp:attachment":[{"href":"https:\/\/zakat.ch\/fr\/wp-json\/wp\/v2\/media?parent=264977"}],"curies":[{"name":"wp","href":"https:\/\/api.w.org\/{rel}","templated":true}]}}