

{"id":260618,"date":"2022-03-31T11:35:35","date_gmt":"2022-03-31T11:35:35","guid":{"rendered":"https:\/\/wpzakatazure.azurewebsites.net\/legal-information\/"},"modified":"2024-01-23T11:45:56","modified_gmt":"2024-01-23T09:45:56","slug":"legal-information","status":"publish","type":"page","link":"https:\/\/zakat.ch\/fr\/legal-information\/","title":{"rendered":"Legal Information"},"content":{"rendered":"<p>[et_pb_section fb_built=\u00a0\u00bb1&Prime; _builder_version=\u00a0\u00bb4.23.3&Prime; _module_preset=\u00a0\u00bbdefault\u00a0\u00bb min_height=\u00a0\u00bb425px\u00a0\u00bb custom_padding=\u00a0\u00bb50px||50px||true|false\u00a0\u00bb hover_enabled=\u00a0\u00bb0&Prime; global_colors_info=\u00a0\u00bb{}\u00a0\u00bb background_enable_color=\u00a0\u00bboff\u00a0\u00bb sticky_enabled=\u00a0\u00bb0&Prime;][et_pb_row _builder_version=\u00a0\u00bb4.16&Prime; _module_preset=\u00a0\u00bbdefault\u00a0\u00bb global_colors_info=\u00a0\u00bb{}\u00a0\u00bb][et_pb_column type=\u00a0\u00bb4_4&Prime; _builder_version=\u00a0\u00bb4.16&Prime; _module_preset=\u00a0\u00bbdefault\u00a0\u00bb global_colors_info=\u00a0\u00bb{}\u00a0\u00bb][dipl_double_color_heading heading_pre_part=\u00a0\u00bbMentions l\u00e9gales\u00a0\u00bb _builder_version=\u00a0\u00bb4.23.3&Prime; _module_preset=\u00a0\u00bbdefault\u00a0\u00bb global_heading_settings_level=\u00a0\u00bbh1&Prime; pre_header_font=\u00a0\u00bb|700|||||||\u00a0\u00bb pre_header_text_color=\u00a0\u00bb#000000&Prime; pre_header_font_size=\u00a0\u00bb56px\u00a0\u00bb pre_header_line_height=\u00a0\u00bb60px\u00a0\u00bb main_header_font=\u00a0\u00bb|700|||||||\u00a0\u00bb main_header_text_color=\u00a0\u00bb#d7282d\u00a0\u00bb main_header_font_size=\u00a0\u00bb56px\u00a0\u00bb main_header_line_height=\u00a0\u00bb60px\u00a0\u00bb post_header_font=\u00a0\u00bb||||||||\u00a0\u00bb post_header_text_color=\u00a0\u00bb#363636&Prime; post_header_font_size=\u00a0\u00bb16px\u00a0\u00bb post_header_line_height=\u00a0\u00bb26px\u00a0\u00bb hover_enabled=\u00a0\u00bb0&Prime; pre_header_font_size_tablet=\u00a0\u00bb38px\u00a0\u00bb pre_header_font_size_phone=\u00a0\u00bb30px\u00a0\u00bb pre_header_font_size_last_edited=\u00a0\u00bbon|tablet\u00a0\u00bb pre_header_line_height_tablet=\u00a0\u00bb48px\u00a0\u00bb pre_header_line_height_phone=\u00a0\u00bb40px\u00a0\u00bb pre_header_line_height_last_edited=\u00a0\u00bbon|tablet\u00a0\u00bb main_header_font_size_tablet=\u00a0\u00bb38px\u00a0\u00bb main_header_font_size_phone=\u00a0\u00bb30px\u00a0\u00bb main_header_font_size_last_edited=\u00a0\u00bbon|phone\u00a0\u00bb main_header_line_height_tablet=\u00a0\u00bb48px\u00a0\u00bb main_header_line_height_phone=\u00a0\u00bb40px\u00a0\u00bb main_header_line_height_last_edited=\u00a0\u00bbon|tablet\u00a0\u00bb global_colors_info=\u00a0\u00bb{}\u00a0\u00bb sticky_enabled=\u00a0\u00bb0&Prime;][\/dipl_double_color_heading][\/et_pb_column][\/et_pb_row][et_pb_row column_structure=\u00a0\u00bb1_3,1_3,1_3&Prime; make_equal=\u00a0\u00bbon\u00a0\u00bb _builder_version=\u00a0\u00bb4.16&Prime; _module_preset=\u00a0\u00bbdefault\u00a0\u00bb custom_padding=\u00a0\u00bb0px||0px||true|false\u00a0\u00bb global_colors_info=\u00a0\u00bb{}\u00a0\u00bb][et_pb_column type=\u00a0\u00bb1_3&Prime; _builder_version=\u00a0\u00bb4.16&Prime; _module_preset=\u00a0\u00bbdefault\u00a0\u00bb custom_css_main_element=\u00a0\u00bbalign-self: center;\u00a0\u00bb global_colors_info=\u00a0\u00bb{}\u00a0\u00bb][dipl_double_color_heading heading_main_part=\u00a0\u00bbTitulaire\u00a0\u00bb _builder_version=\u00a0\u00bb4.23.3&Prime; _module_preset=\u00a0\u00bbdefault\u00a0\u00bb pre_header_text_color=\u00a0\u00bb#d7282d\u00a0\u00bb main_header_font=\u00a0\u00bb|700|||||||\u00a0\u00bb main_header_text_color=\u00a0\u00bb#20413C\u00a0\u00bb main_header_font_size=\u00a0\u00bb20px\u00a0\u00bb main_header_line_height=\u00a0\u00bb26px\u00a0\u00bb custom_margin=\u00a0\u00bb||10px||false|false\u00a0\u00bb hover_enabled=\u00a0\u00bb0&Prime; global_colors_info=\u00a0\u00bb{}\u00a0\u00bb sticky_enabled=\u00a0\u00bb0&Prime;][\/dipl_double_color_heading][et_pb_text _builder_version=\u00a0\u00bb4.16&Prime; _module_preset=\u00a0\u00bbdefault\u00a0\u00bb text_font=\u00a0\u00bb|600|||||||\u00a0\u00bb text_line_height=\u00a0\u00bb26px\u00a0\u00bb global_colors_info=\u00a0\u00bb{}\u00a0\u00bb]Fondation Suisse pour la Zakat<\/p>\n<p>c\/o CORE Fiduciaire Revicor SA<\/p>\n<p>Avenue Beauregard 1<\/p>\n<p>1700 Fribourg[\/et_pb_text][\/et_pb_column][et_pb_column type=\u00a0\u00bb1_3&Prime; _builder_version=\u00a0\u00bb4.16&Prime; _module_preset=\u00a0\u00bbdefault\u00a0\u00bb custom_css_main_element=\u00a0\u00bbalign-self: center;\u00a0\u00bb global_colors_info=\u00a0\u00bb{}\u00a0\u00bb][dipl_double_color_heading heading_main_part=\u00a0\u00bbContenu\u00a0\u00bb _builder_version=\u00a0\u00bb4.23.3&Prime; _module_preset=\u00a0\u00bbdefault\u00a0\u00bb pre_header_text_color=\u00a0\u00bb#d7282d\u00a0\u00bb main_header_font=\u00a0\u00bb|700|||||||\u00a0\u00bb main_header_text_color=\u00a0\u00bb#20413C\u00a0\u00bb main_header_font_size=\u00a0\u00bb20px\u00a0\u00bb main_header_line_height=\u00a0\u00bb26px\u00a0\u00bb custom_margin=\u00a0\u00bb||10px||false|false\u00a0\u00bb hover_enabled=\u00a0\u00bb0&Prime; global_colors_info=\u00a0\u00bb{}\u00a0\u00bb sticky_enabled=\u00a0\u00bb0&Prime;][\/dipl_double_color_heading][et_pb_text _builder_version=\u00a0\u00bb4.16&Prime; _module_preset=\u00a0\u00bbdefault\u00a0\u00bb text_font=\u00a0\u00bb|600|||||||\u00a0\u00bb text_line_height=\u00a0\u00bb26px\u00a0\u00bb global_colors_info=\u00a0\u00bb{}\u00a0\u00bb]Fondation Suisse pour la Zakat<\/p>\n<p>Marketing et Communication <\/p>\n<p>c\/o CORE Fiduciaire Revicor SA<\/p>\n<p>Avenue Beauregard 1<\/p>\n<p>1700 Fribourg<\/p>\n<p><a href=\"mailto:info@zakatsuisse.ch\">info@zakatsuisse.ch<\/a><br \/>\nPC 80\u2013151\u20134[\/et_pb_text][\/et_pb_column][et_pb_column type=\u00a0\u00bb1_3&Prime; _builder_version=\u00a0\u00bb4.16&Prime; _module_preset=\u00a0\u00bbdefault\u00a0\u00bb custom_css_main_element=\u00a0\u00bbalign-self: center;\u00a0\u00bb global_colors_info=\u00a0\u00bb{}\u00a0\u00bb][dipl_double_color_heading heading_main_part=\u00a0\u00bbDesign\u00a0\u00bb _builder_version=\u00a0\u00bb4.23.3&Prime; _module_preset=\u00a0\u00bbdefault\u00a0\u00bb pre_header_text_color=\u00a0\u00bb#d7282d\u00a0\u00bb main_header_font=\u00a0\u00bb|700|||||||\u00a0\u00bb main_header_text_color=\u00a0\u00bb#20413C\u00a0\u00bb main_header_font_size=\u00a0\u00bb20px\u00a0\u00bb main_header_line_height=\u00a0\u00bb26px\u00a0\u00bb custom_margin=\u00a0\u00bb||10px||false|false\u00a0\u00bb hover_enabled=\u00a0\u00bb0&Prime; global_colors_info=\u00a0\u00bb{}\u00a0\u00bb sticky_enabled=\u00a0\u00bb0&Prime;][\/dipl_double_color_heading][et_pb_text _builder_version=\u00a0\u00bb4.16&Prime; _module_preset=\u00a0\u00bbdefault\u00a0\u00bb text_font=\u00a0\u00bb|600|||||||\u00a0\u00bb text_line_height=\u00a0\u00bb26px\u00a0\u00bb global_colors_info=\u00a0\u00bb{}\u00a0\u00bb]Buzzfactory S\u00e0rl[\/et_pb_text][\/et_pb_column][\/et_pb_row][et_pb_row make_equal=\u00a0\u00bbon\u00a0\u00bb _builder_version=\u00a0\u00bb4.16&Prime; _module_preset=\u00a0\u00bbdefault\u00a0\u00bb custom_padding=\u00a0\u00bb0px||0px||true|false\u00a0\u00bb global_colors_info=\u00a0\u00bb{}\u00a0\u00bb][et_pb_column type=\u00a0\u00bb4_4&Prime; _builder_version=\u00a0\u00bb4.16&Prime; _module_preset=\u00a0\u00bbdefault\u00a0\u00bb custom_css_main_element=\u00a0\u00bbalign-self: center;\u00a0\u00bb global_colors_info=\u00a0\u00bb{}\u00a0\u00bb][dipl_double_color_heading heading_main_part=\u00a0\u00bbDroits d\u2019image\u00a0\u00bb _builder_version=\u00a0\u00bb4.23.3&Prime; _module_preset=\u00a0\u00bbdefault\u00a0\u00bb pre_header_text_color=\u00a0\u00bb#d7282d\u00a0\u00bb main_header_font=\u00a0\u00bb|700|||||||\u00a0\u00bb main_header_text_color=\u00a0\u00bb#20413C\u00a0\u00bb main_header_font_size=\u00a0\u00bb20px\u00a0\u00bb main_header_line_height=\u00a0\u00bb26px\u00a0\u00bb custom_margin=\u00a0\u00bb||10px||false|false\u00a0\u00bb hover_enabled=\u00a0\u00bb0&Prime; global_colors_info=\u00a0\u00bb{}\u00a0\u00bb sticky_enabled=\u00a0\u00bb0&Prime;][\/dipl_double_color_heading][et_pb_text _builder_version=\u00a0\u00bb4.16&Prime; _module_preset=\u00a0\u00bbdefault\u00a0\u00bb text_font=\u00a0\u00bb|600|||||||\u00a0\u00bb text_line_height=\u00a0\u00bb26px\u00a0\u00bb global_colors_info=\u00a0\u00bb{}\u00a0\u00bb]Les textes et photos publi\u00e9s sur ce site Internet sont prot\u00e9g\u00e9s par le droit d\u2019auteur. Sauf autre mention particuli\u00e8re, tous les logos et les images appartiennent \u00e0 la Fondation Suisse pour la Zakat (FSZ). Une mise en circulation de ces contenus sans le consentement de la FSZ est contraire \u00e0 la loi. Une utilisation qui n\u2019aurait aucun lien avec la FSZ est \u00e9galement interdite. Si vous souhaitez utiliser des textes, des photos ou d\u2019autres contenus de notre site Internet, veuillez adresser un e-mail \u00e0 info@zakatsuisse.ch.[\/et_pb_text][dipl_double_color_heading heading_main_part=\u00a0\u00bbIdentification fiscale \u00a0\u00bb _builder_version=\u00a0\u00bb4.23.3&Prime; _module_preset=\u00a0\u00bbdefault\u00a0\u00bb pre_header_text_color=\u00a0\u00bb#d7282d\u00a0\u00bb main_header_font=\u00a0\u00bb|700|||||||\u00a0\u00bb main_header_text_color=\u00a0\u00bb#20413C\u00a0\u00bb main_header_font_size=\u00a0\u00bb20px\u00a0\u00bb main_header_line_height=\u00a0\u00bb26px\u00a0\u00bb custom_margin=\u00a0\u00bb||10px||false|false\u00a0\u00bb hover_enabled=\u00a0\u00bb0&Prime; global_colors_info=\u00a0\u00bb{}\u00a0\u00bb sticky_enabled=\u00a0\u00bb0&Prime;][\/dipl_double_color_heading][et_pb_text _builder_version=\u00a0\u00bb4.16&Prime; _module_preset=\u00a0\u00bbdefault\u00a0\u00bb text_font=\u00a0\u00bb|600|||||||\u00a0\u00bb text_line_height=\u00a0\u00bb26px\u00a0\u00bb global_colors_info=\u00a0\u00bb{}\u00a0\u00bb]UID: <a href=\"https:\/\/www.zefix.admin.ch\/de\/search\/entity\/list\/firm\/1432472?name=CHE393.221.530\" target=\"_blank\" rel=\"noopener\">CHE-393.221.530 <\/a>\/ HR: CH-036.7.080.876-1[\/et_pb_text][dipl_double_color_heading heading_main_part=\u00a0\u00bbCe site utilise des cookies\u00a0\u00bb _builder_version=\u00a0\u00bb4.23.3&Prime; _module_preset=\u00a0\u00bbdefault\u00a0\u00bb pre_header_text_color=\u00a0\u00bb#d7282d\u00a0\u00bb main_header_font=\u00a0\u00bb|700|||||||\u00a0\u00bb main_header_text_color=\u00a0\u00bb#20413C\u00a0\u00bb main_header_font_size=\u00a0\u00bb20px\u00a0\u00bb main_header_line_height=\u00a0\u00bb26px\u00a0\u00bb custom_margin=\u00a0\u00bb||10px||false|false\u00a0\u00bb hover_enabled=\u00a0\u00bb0&Prime; global_colors_info=\u00a0\u00bb{}\u00a0\u00bb sticky_enabled=\u00a0\u00bb0&Prime;][\/dipl_double_color_heading][et_pb_text _builder_version=\u00a0\u00bb4.16&Prime; _module_preset=\u00a0\u00bbdefault\u00a0\u00bb text_font=\u00a0\u00bb|600|||||||\u00a0\u00bb text_line_height=\u00a0\u00bb26px\u00a0\u00bb global_colors_info=\u00a0\u00bb{}\u00a0\u00bb]Les cookies sont de petits fichiers texte stock\u00e9s de mani\u00e8re permanente ou temporaire lorsque vous visitez ce site Web sur votre ordinateur. Le but des cookies est, en particulier, d\u2019analyser l\u2019utilisation de ce site web pour l\u2019\u00e9valuation statistique et l\u2019am\u00e9lioration continue. Dans votre navigateur, vous pouvez d\u00e9sactiver les cookies dans les param\u00e8tres \u00e0 tout moment, en tout ou en partie. Si vous d\u00e9sactivez les cookies, vous n\u2019aurez peut-\u00eatre pas acc\u00e8s \u00e0 toutes les fonctionnalit\u00e9s de ce site.[\/et_pb_text][dipl_double_color_heading heading_main_part=\u00a0\u00bbD\u00e9calaration de confidentalit\u00e9\u00a0\u00bb _builder_version=\u00a0\u00bb4.23.3&Prime; _module_preset=\u00a0\u00bbdefault\u00a0\u00bb pre_header_text_color=\u00a0\u00bb#d7282d\u00a0\u00bb main_header_font=\u00a0\u00bb|700|||||||\u00a0\u00bb main_header_text_color=\u00a0\u00bb#20413C\u00a0\u00bb main_header_font_size=\u00a0\u00bb20px\u00a0\u00bb main_header_line_height=\u00a0\u00bb26px\u00a0\u00bb custom_margin=\u00a0\u00bb||10px||false|false\u00a0\u00bb link_option_url=\u00a0\u00bb\/our-privacy-notice\/\u00a0\u00bb hover_enabled=\u00a0\u00bb0&Prime; global_colors_info=\u00a0\u00bb{}\u00a0\u00bb sticky_enabled=\u00a0\u00bb0&Prime;][\/dipl_double_color_heading][\/et_pb_column][\/et_pb_row][\/et_pb_section]<\/p>\n","protected":false},"excerpt":{"rendered":"<p><div class=\"et_pb_module dipl_double_color_heading dipl_double_color_heading_0 \">\n\t\t\t\t\n\t\t\t\t\n\t\t\t\t\n\t\t\t\t\n\t\t\t\t\n\t\t\t\t\n\t\t\t\t<div class=\"et_pb_module_inner\">\n\t\t\t\t\t<div class=\"dipl_text_wrapper\"><h1><span class=\"dipl_pre_text\">Mentions l\u00e9gales<\/span><\/h1><\/div>\n\t\t\t\t<\/div>\n\t\t\t<\/div><div class=\"et_pb_module dipl_double_color_heading dipl_double_color_heading_1 \">\n\t\t\t\t\n\t\t\t\t\n\t\t\t\t\n\t\t\t\t\n\t\t\t\t\n\t\t\t\t\n\t\t\t\t<div class=\"et_pb_module_inner\">\n\t\t\t\t\t<div class=\"dipl_text_wrapper\"><h2><span class=\"dipl_main_text\">Titulaire<\/span><\/h2><\/div>\n\t\t\t\t<\/div>\n\t\t\t<\/div>Fondation Suisse pour la Zakat c\/o CORE Fiduciaire Revicor SA Avenue [&hellip;]<\/p>\n","protected":false},"author":5,"featured_media":0,"parent":0,"menu_order":0,"comment_status":"closed","ping_status":"closed","template":"","meta":{"_acf_changed":false,"_et_pb_use_builder":"on","_et_pb_old_content":"","_et_gb_content_width":"","inline_featured_image":false,"footnotes":""},"class_list":["post-260618","page","type-page","status-publish","hentry"],"acf":[],"_links":{"self":[{"href":"https:\/\/zakat.ch\/fr\/wp-json\/wp\/v2\/pages\/260618","targetHints":{"allow":["GET"]}}],"collection":[{"href":"https:\/\/zakat.ch\/fr\/wp-json\/wp\/v2\/pages"}],"about":[{"href":"https:\/\/zakat.ch\/fr\/wp-json\/wp\/v2\/types\/page"}],"author":[{"embeddable":true,"href":"https:\/\/zakat.ch\/fr\/wp-json\/wp\/v2\/users\/5"}],"replies":[{"embeddable":true,"href":"https:\/\/zakat.ch\/fr\/wp-json\/wp\/v2\/comments?post=260618"}],"version-history":[{"count":0,"href":"https:\/\/zakat.ch\/fr\/wp-json\/wp\/v2\/pages\/260618\/revisions"}],"wp:attachment":[{"href":"https:\/\/zakat.ch\/fr\/wp-json\/wp\/v2\/media?parent=260618"}],"curies":[{"name":"wp","href":"https:\/\/api.w.org\/{rel}","templated":true}]}}