

{"id":260438,"date":"2022-03-30T09:38:24","date_gmt":"2022-03-30T09:38:24","guid":{"rendered":"https:\/\/wpzakatazure.azurewebsites.net\/agir\/pay-zakat\/"},"modified":"2023-10-06T21:41:10","modified_gmt":"2023-10-06T19:41:10","slug":"payer-la-zakat","status":"publish","type":"page","link":"https:\/\/zakat.ch\/fr\/agir-faire-un-don\/payer-la-zakat\/","title":{"rendered":"Payer la zakat"},"content":{"rendered":"<p>[et_pb_section fb_built=\u00a0\u00bb1&Prime; admin_label=\u00a0\u00bbsection\u00a0\u00bb _builder_version=\u00a0\u00bb4.16&Prime; global_colors_info=\u00a0\u00bb{}\u00a0\u00bb][et_pb_row admin_label=\u00a0\u00bbrow\u00a0\u00bb _builder_version=\u00a0\u00bb4.16&Prime; background_size=\u00a0\u00bbinitial\u00a0\u00bb background_position=\u00a0\u00bbtop_left\u00a0\u00bb background_repeat=\u00a0\u00bbrepeat\u00a0\u00bb global_colors_info=\u00a0\u00bb{}\u00a0\u00bb][et_pb_column type=\u00a0\u00bb4_4&Prime; _builder_version=\u00a0\u00bb4.16&Prime; custom_padding=\u00a0\u00bb|||\u00a0\u00bb global_colors_info=\u00a0\u00bb{}\u00a0\u00bb custom_padding__hover=\u00a0\u00bb|||\u00a0\u00bb][et_pb_text admin_label=\u00a0\u00bbText\u00a0\u00bb _builder_version=\u00a0\u00bb4.16&Prime; background_size=\u00a0\u00bbinitial\u00a0\u00bb background_position=\u00a0\u00bbtop_left\u00a0\u00bb background_repeat=\u00a0\u00bbrepeat\u00a0\u00bb hover_enabled=\u00a0\u00bb0&Prime; global_colors_info=\u00a0\u00bb{}\u00a0\u00bb sticky_enabled=\u00a0\u00bb0&Prime;]<\/p>\n<h3>Votre zakat fera la diff\u00e9rence et sera donn\u00e9e pour r\u00e9soudre les probl\u00e8mes de pr\u00e9carit\u00e9, promouvoir l\u2019\u00e9ducation, et aider les gens en d\u00e9tresse. Nous vous remercions pour votre confiance !<\/h3>\n<div class=\"rnw-widget-container\"><\/div>\n<p><script src=\"https:\/\/tamaro.raisenow.com\/zakatstiftung-pay-ch\/latest\/widget.js\"><\/script><br \/>\n<script type=\"text\/javascript\">\n  window.rnw.tamaro.runWidget('.rnw-widget-container',\n  {\n    language: \"fr\",\n    purposeDetails: {\n      p1:{\n        stored_campaign_id: \"70109000000pceC\",\n        stored_sf_Opportunity_D_Reason__c: \"Zakat.ch - General Zakat Fund\"\n      }\n  }\n});\n<\/script>[\/et_pb_text][\/et_pb_column][\/et_pb_row][\/et_pb_section]<\/p>\n","protected":false},"excerpt":{"rendered":"<p>Votre zakat fera la diff\u00e9rence et sera donn\u00e9e pour r\u00e9soudre les probl\u00e8mes de pr\u00e9carit\u00e9, promouvoir l\u2019\u00e9ducation, et aider les gens en d\u00e9tresse. Nous vous remercions pour votre confiance !<\/p>\n","protected":false},"author":4,"featured_media":261778,"parent":257900,"menu_order":2,"comment_status":"closed","ping_status":"closed","template":"","meta":{"_acf_changed":false,"_et_pb_use_builder":"on","_et_pb_old_content":"<!-- wp:paragraph -->\r\n<p>Vous \u00eates sur le point d'accomplir votre troisi\u00e8me pilier. Assurez-vous de faire Dua\/pri\u00e8re avant de faire le paiement. Qu'Allah accepte votre Zakat!<\/p>\r\n<p>--><strong> Si vous n\u2019\u00eates pas s\u00fbr-e<\/strong> du montant de la Zakat \u00e0 donner, vous pouvez le calculer \u00e0 l\u2019aide de notre <strong><a href=\"https:\/\/zakat.ch\/fr\/agir\/calculer-la-zakat\/\">tout nouveau calculateur de la Zakat\u00a0\u00a0<\/a><\/strong><\/p>\r\n<!-- \/wp:paragraph -->\r\n\r\n<!-- wp:html -->\r\n<div class=\"rnw-widget-container\">\u00a0<\/div>\r\n<p><script src=\"https:\/\/tamaro.raisenow.com\/zakatstiftung-pay-ch\/latest\/widget.js\"><\/script> <script type=\"text\/javascript\">\r\n  window.rnw.tamaro.runWidget('.rnw-widget-container',\r\n  {\r\n    language: \"fr\",\r\n    purposeDetails: {\r\n      p1:{\r\n        stored_campaign_id: \"7017Z000000qQ6bQAE\",\r\n        stored_sf_Opportunity_D_Reason__c: \"Zakat al Maal\"\r\n      }\r\n  }\r\n});\r\n<\/script><\/p>\r\n<!-- \/wp:html -->","_et_gb_content_width":"","inline_featured_image":false,"footnotes":""},"class_list":["post-260438","page","type-page","status-publish","has-post-thumbnail","hentry"],"acf":[],"_links":{"self":[{"href":"https:\/\/zakat.ch\/fr\/wp-json\/wp\/v2\/pages\/260438","targetHints":{"allow":["GET"]}}],"collection":[{"href":"https:\/\/zakat.ch\/fr\/wp-json\/wp\/v2\/pages"}],"about":[{"href":"https:\/\/zakat.ch\/fr\/wp-json\/wp\/v2\/types\/page"}],"author":[{"embeddable":true,"href":"https:\/\/zakat.ch\/fr\/wp-json\/wp\/v2\/users\/4"}],"replies":[{"embeddable":true,"href":"https:\/\/zakat.ch\/fr\/wp-json\/wp\/v2\/comments?post=260438"}],"version-history":[{"count":0,"href":"https:\/\/zakat.ch\/fr\/wp-json\/wp\/v2\/pages\/260438\/revisions"}],"up":[{"embeddable":true,"href":"https:\/\/zakat.ch\/fr\/wp-json\/wp\/v2\/pages\/257900"}],"wp:featuredmedia":[{"embeddable":true,"href":"https:\/\/zakat.ch\/fr\/wp-json\/wp\/v2\/media\/261778"}],"wp:attachment":[{"href":"https:\/\/zakat.ch\/fr\/wp-json\/wp\/v2\/media?parent=260438"}],"curies":[{"name":"wp","href":"https:\/\/api.w.org\/{rel}","templated":true}]}}