

{"id":257760,"date":"2022-01-01T10:29:33","date_gmt":"2022-01-01T10:29:33","guid":{"rendered":"https:\/\/wpzakatazure.azurewebsites.net\/give\/"},"modified":"2025-03-21T17:29:21","modified_gmt":"2025-03-21T15:29:21","slug":"faire-un-don","status":"publish","type":"page","link":"https:\/\/zakat.ch\/fr\/agir-faire-un-don\/faire-un-don\/","title":{"rendered":"Faire un don"},"content":{"rendered":"<p>[et_pb_section fb_built=\u00a0\u00bb1&Prime; admin_label=\u00a0\u00bbsection\u00a0\u00bb _builder_version=\u00a0\u00bb4.16&Prime; global_colors_info=\u00a0\u00bb{}\u00a0\u00bb][et_pb_row admin_label=\u00a0\u00bbrow\u00a0\u00bb _builder_version=\u00a0\u00bb4.20.2&Prime; background_size=\u00a0\u00bbinitial\u00a0\u00bb background_position=\u00a0\u00bbtop_left\u00a0\u00bb background_repeat=\u00a0\u00bbrepeat\u00a0\u00bb global_colors_info=\u00a0\u00bb{}\u00a0\u00bb][et_pb_column type=\u00a0\u00bb4_4&Prime; _builder_version=\u00a0\u00bb4.16&Prime; custom_padding=\u00a0\u00bb|||\u00a0\u00bb global_colors_info=\u00a0\u00bb{}\u00a0\u00bb custom_padding__hover=\u00a0\u00bb|||\u00a0\u00bb][et_pb_code _builder_version=\u00a0\u00bb4.27.4&Prime; _module_preset=\u00a0\u00bbdefault\u00a0\u00bb hover_enabled=\u00a0\u00bb0&Prime; global_colors_info=\u00a0\u00bb{}\u00a0\u00bb sticky_enabled=\u00a0\u00bb0&Prime;]<!-- [et_pb_line_break_holder] --><pee>Votre don fera la diff\u00e9rence, quelle que soit sa taille. Votre don sert \u00e0 r\u00e9soudre des probl\u00e8mes soci\u00e9taux et \u00e9conomiques.<\/pee><!-- [et_pb_line_break_holder] --><!\u2013- [et_pb_br_holder] -\u2013><!-- [et_pb_line_break_holder] --><!-- [et_pb_line_break_holder] --><!-- [et_pb_line_break_holder] --><\/p>\n<div class=\"rnw-widget-container\"><\/div>\n<p><!-- [et_pb_line_break_holder] --><script src=\"https:\/\/tamaro.raisenow.com\/zakatstiftung-ch\/latest\/widget.js\"><\/script><!-- [et_pb_line_break_holder] --><script><!-- [et_pb_line_break_holder] -->var details = { <!-- [et_pb_line_break_holder] -->  language: \"fr\", <!-- [et_pb_line_break_holder] --><!-- [et_pb_line_break_holder] -->purposes: [\"p1\", \"p2\", \"p3\", \"p4\", \"p5\",\"p6\",\"p7\",\"p8\",\"p9\"], <!-- [et_pb_line_break_holder] -->  translations: { <!-- [et_pb_line_break_holder] -->    fr: {<!-- [et_pb_line_break_holder] -->     purposes: {<!-- [et_pb_line_break_holder] -->        p1: 'Donner pour des projets de d\u00e9veloppement en Tunisie',<!-- [et_pb_line_break_holder] -->        p2: 'Zakat el Fitr (min. CHF15\/personne)',<!-- [et_pb_line_break_holder] -->        p3: 'Je soutiens le d\u00e9veloppement de la fondation',<!-- [et_pb_line_break_holder] -->\tp4: 'Je donne pour des familles en situation de pr\u00e9carit\u00e9',<!-- [et_pb_line_break_holder] -->        p5: 'Je soutiens la formation (soutien aux \u00e9tudiants, bourses)',<!-- [et_pb_line_break_holder] -->\tp6: 'Soutenir l\u2019enseignement religieux pour les enfants dans les \u00e9coles primaires',<!-- [et_pb_line_break_holder] -->        p7: 'Fidya \u2013 10\u20ac par jour de je\u00fbne non rattrapable',<!-- [et_pb_line_break_holder] -->        p8: 'Kaffara \u2013 600\u20ac pour expier tout je\u00fbne rompu d\u00e9lib\u00e9r\u00e9ment pendant le Ramadan (\u20ac10x60)',<!-- [et_pb_line_break_holder] -->        p9: 'Riba \u2013 Se d\u00e9barrasser des int\u00e9r\u00eats',<!-- [et_pb_line_break_holder] -->      },<!-- [et_pb_line_break_holder] -->    }<!-- [et_pb_line_break_holder] -->    }<!-- [et_pb_line_break_holder] -->,   <!-- [et_pb_line_break_holder] --><!-- [et_pb_line_break_holder] --><!-- [et_pb_line_break_holder] -->paymentFormPrefill: { <!-- [et_pb_line_break_holder] -->  stored_sf_Opportunity_DReason__c: \"World Emergency\" <!-- [et_pb_line_break_holder] -->  }, <!-- [et_pb_line_break_holder] -->  purposeDetails: { <!-- [et_pb_line_break_holder] -->    p1:{ <!-- [et_pb_line_break_holder] -->      stored_campaign_id: \"70109000001JMEs\", <!-- [et_pb_line_break_holder] -->    }, <!-- [et_pb_line_break_holder] -->    p2:{ <!-- [et_pb_line_break_holder] -->      stored_campaign_id: \"70109000000pcsJ\", <!-- [et_pb_line_break_holder] -->    }, <!-- [et_pb_line_break_holder] -->    p3:{ <!-- [et_pb_line_break_holder] -->      stored_campaign_id: \"70109000000pce2\", <!-- [et_pb_line_break_holder] -->    }, <!-- [et_pb_line_break_holder] -->    p4:{ <!-- [et_pb_line_break_holder] -->      stored_campaign_id: \"70109000000pce3\", <!-- [et_pb_line_break_holder] -->    }, <!-- [et_pb_line_break_holder] -->    p5:{ <!-- [et_pb_line_break_holder] -->      stored_campaign_id: \"70109000000pce7\", <!-- [et_pb_line_break_holder] -->    }, <!-- [et_pb_line_break_holder] -->    p6:{ <!-- [et_pb_line_break_holder] -->      stored_campaign_id: \"70109000000pce7\", <!-- [et_pb_line_break_holder] -->    }, <!-- [et_pb_line_break_holder] -->    p7:{ <!-- [et_pb_line_break_holder] -->      stored_campaign_id: \"70109000000pcsF\", <!-- [et_pb_line_break_holder] -->    },<!-- [et_pb_line_break_holder] -->    p8:{ <!-- [et_pb_line_break_holder] -->      stored_campaign_id: \"70109000000pcsF\", <!-- [et_pb_line_break_holder] -->    }, <!-- [et_pb_line_break_holder] -->    p9:{ <!-- [et_pb_line_break_holder] -->      stored_campaign_id: \"70109000000pcsO\", <!-- [et_pb_line_break_holder] -->    } <!-- [et_pb_line_break_holder] -->  } <!-- [et_pb_line_break_holder] -->};<!-- [et_pb_line_break_holder] --><!-- [et_pb_line_break_holder] -->function purposeChangedHandler(event) {<!-- [et_pb_line_break_holder] -->  switch (event.data.api.paymentForm.data.purpose) {<!-- [et_pb_line_break_holder] -->    case \"p1\":<!-- [et_pb_line_break_holder] -->      event.data.api.paymentForm.data.stored_sf_Opportunity_DReason__c = \"World Emergency\";<!-- [et_pb_line_break_holder] -->      break;<!-- [et_pb_line_break_holder] -->    case \"p2\":<!-- [et_pb_line_break_holder] -->      event.data.api.paymentForm.data.stored_sf_Opportunity_DReason__c = \"Zakat.ch - Zakat el Fitr Fund\";<!-- [et_pb_line_break_holder] -->      break;<!-- [et_pb_line_break_holder] -->    case \"p3\":<!-- [et_pb_line_break_holder] -->      event.data.api.paymentForm.data.stored_sf_Opportunity_DReason__c = \"Zakat.ch - General Donation Fund\";<!-- [et_pb_line_break_holder] -->      break;<!-- [et_pb_line_break_holder] -->    case \"p4\":<!-- [et_pb_line_break_holder] -->      event.data.api.paymentForm.data.stored_sf_Opportunity_DReason__c = \"Zakat.ch - Hardship & Debt Fund\";<!-- [et_pb_line_break_holder] -->      break;<!-- [et_pb_line_break_holder] -->    case \"p5\":<!-- [et_pb_line_break_holder] -->      event.data.api.paymentForm.data.stored_sf_Opportunity_DReason__c = \"Zakat.ch - Training & Education Fund\";<!-- [et_pb_line_break_holder] -->      break;<!-- [et_pb_line_break_holder] -->    case \"p6\":<!-- [et_pb_line_break_holder] -->      event.data.api.paymentForm.data.stored_sf_Opportunity_DReason__c = \"Zakat.ch - Training & Education Fund\";<!-- [et_pb_line_break_holder] -->      break;<!-- [et_pb_line_break_holder] -->    case \"p7\":<!-- [et_pb_line_break_holder] -->      event.data.api.paymentForm.data.stored_sf_Opportunity_DReason__c = \"Zakat.ch - Fidya & Kaffara Fund\";<!-- [et_pb_line_break_holder] -->      break;<!-- [et_pb_line_break_holder] -->   case \"p8\":<!-- [et_pb_line_break_holder] -->      event.data.api.paymentForm.data.stored_sf_Opportunity_DReason__c = \"Zakat.ch - Fidya & Kaffara Fund\";<!-- [et_pb_line_break_holder] -->      break;<!-- [et_pb_line_break_holder] -->   case \"p9\":<!-- [et_pb_line_break_holder] -->      event.data.api.paymentForm.data.stored_sf_Opportunity_DReason__c = \"Zakat.ch - Riba Fund\";<!-- [et_pb_line_break_holder] -->      break;<!-- [et_pb_line_break_holder] -->    default:<!-- [et_pb_line_break_holder] -->      event.data.api.paymentForm.data.stored_sf_Opportunity_DReason__c = \"Zakat.ch - Hardship & Debt Fund\";<!-- [et_pb_line_break_holder] -->  }<!-- [et_pb_line_break_holder] -->}<!-- [et_pb_line_break_holder] -->window.rnw.tamaro.events.purposeChanged.subscribe(purposeChangedHandler); <!-- [et_pb_line_break_holder] -->window.rnw.tamaro.runWidget('.rnw-widget-container', details); <!-- [et_pb_line_break_holder] --><\/script><!-- [et_pb_line_break_holder] -->[\/et_pb_code][\/et_pb_column][\/et_pb_row][\/et_pb_section]<\/p>\n","protected":false},"excerpt":{"rendered":"","protected":false},"author":4,"featured_media":0,"parent":257900,"menu_order":2,"comment_status":"closed","ping_status":"closed","template":"","meta":{"_acf_changed":false,"_et_pb_use_builder":"on","_et_pb_old_content":"<!-- wp:paragraph -->\r\n<p>Votre don fera la diff\u00e9rence, qu'il soit petit ou grand. Votre don sert \u00e0 r\u00e9soudre des probl\u00e8mes sociaux et \u00e9conomiques dans nos communaut\u00e9s en Suisse. <\/p>\r\n<br>\r\n<!-- \/wp:paragraph -->\r\n\r\n<!-- wp:html -->\r\n<div class=\"rnw-widget-container\"><\/div>\r\n<script src=\"https:\/\/tamaro.raisenow.com\/zakatstiftung-ch\/latest\/widget.js\"><\/script>\r\n<script>\r\nvar details = { \r\n  language: \"fr\", \r\n  paymentFormPrefill: { \r\n    stored_sf_Opportunity_DReason__c: \"Hardship\" \r\n  }, \r\n  purposeDetails: { \r\n    p1:{ \r\n      stored_campaign_id: \"70109000000pce3\", \r\n    }, \r\n    p2:{ \r\n      stored_campaign_id: \"70109000000pcsJ\", \r\n    }, \r\n    p3:{ \r\n      stored_campaign_id: \"70109000000pceC\", \r\n    }, \r\n    p4:{ \r\n      stored_campaign_id: \"70109000000pce3\", \r\n    }, \r\n    p5:{ \r\n      stored_campaign_id: \"70109000000pce7\", \r\n    }, \r\n    p6:{ \r\n      stored_campaign_id: \"70109000000pce7\", \r\n    }, \r\n    p7:{ \r\n      stored_campaign_id: \"70109000000pcsF\", \r\n    },\r\n    p8:{ \r\n      stored_campaign_id: \"70109000000pcsF\", \r\n    },\r\n    p9:{ \r\n      stored_campaign_id: \"70109000000pcsO\", \r\n    }\r\n  } \r\n};\r\n\r\nfunction purposeChangedHandler(event) {\r\n  switch (event.data.api.paymentForm.data.purpose) {\r\n    case \"p1\":\r\n      event.data.api.paymentForm.data.stored_sf_Opportunity_DReason__c = \"Turkiye\";\r\n      break;\r\n    case \"p2\":\r\n      event.data.api.paymentForm.data.stored_sf_Opportunity_DReason__c = \"Fitr\";\r\n      break;\r\n    case \"p3\":\r\n      event.data.api.paymentForm.data.stored_sf_Opportunity_DReason__c = \"Sadaqa\";\r\n      break;\r\n    case \"p4\":\r\n      event.data.api.paymentForm.data.stored_sf_Opportunity_DReason__c = \"Hardship\";\r\n      break;\r\n    case \"p5\":\r\n      event.data.api.paymentForm.data.stored_sf_Opportunity_DReason__c = \"Education\";\r\n      break;\r\n    case \"p6\":\r\n      event.data.api.paymentForm.data.stored_sf_Opportunity_DReason__c = \"Kids\";\r\n      break;\r\n    case \"p7\":\r\n      event.data.api.paymentForm.data.stored_sf_Opportunity_DReason__c = \"Fidya\";\r\n      break;\r\n    case \"p8\":\r\n      event.data.api.paymentForm.data.stored_sf_Opportunity_DReason__c = \"Kaffara\";\r\n      break;\r\n   case \"p8\":\r\n      event.data.api.paymentForm.data.stored_sf_Opportunity_DReason__c = \"Riba\";\r\n      break;\r\n    default:\r\n      event.data.api.paymentForm.data.stored_sf_Opportunity_DReason__c = \"Hardship\";\r\n  }\r\n}\r\nwindow.rnw.tamaro.events.purposeChanged.subscribe(purposeChangedHandler); \r\nwindow.rnw.tamaro.runWidget('.rnw-widget-container', details); \r\n<\/script>\r\n<!-- \/wp:html -->","_et_gb_content_width":"","inline_featured_image":false,"footnotes":""},"class_list":["post-257760","page","type-page","status-publish","hentry"],"acf":[],"_links":{"self":[{"href":"https:\/\/zakat.ch\/fr\/wp-json\/wp\/v2\/pages\/257760","targetHints":{"allow":["GET"]}}],"collection":[{"href":"https:\/\/zakat.ch\/fr\/wp-json\/wp\/v2\/pages"}],"about":[{"href":"https:\/\/zakat.ch\/fr\/wp-json\/wp\/v2\/types\/page"}],"author":[{"embeddable":true,"href":"https:\/\/zakat.ch\/fr\/wp-json\/wp\/v2\/users\/4"}],"replies":[{"embeddable":true,"href":"https:\/\/zakat.ch\/fr\/wp-json\/wp\/v2\/comments?post=257760"}],"version-history":[{"count":0,"href":"https:\/\/zakat.ch\/fr\/wp-json\/wp\/v2\/pages\/257760\/revisions"}],"up":[{"embeddable":true,"href":"https:\/\/zakat.ch\/fr\/wp-json\/wp\/v2\/pages\/257900"}],"wp:attachment":[{"href":"https:\/\/zakat.ch\/fr\/wp-json\/wp\/v2\/media?parent=257760"}],"curies":[{"name":"wp","href":"https:\/\/api.w.org\/{rel}","templated":true}]}}