

{"id":264980,"date":"2025-01-28T14:34:53","date_gmt":"2025-01-28T12:34:53","guid":{"rendered":"https:\/\/zakat.ch\/?page_id=264980"},"modified":"2025-01-28T14:34:53","modified_gmt":"2025-01-28T12:34:53","slug":"bildung-kenia-unterstutzen","status":"publish","type":"page","link":"https:\/\/zakat.ch\/de\/bildung-kenia-unterstutzen\/","title":{"rendered":"Bildung in Kenia unterst\u00fctzen"},"content":{"rendered":"<p>[et_pb_section fb_built=&#8220;1&#8243; custom_padding_last_edited=&#8220;on|tablet&#8220; disabled_on=&#8220;off|off|off&#8220; module_class=&#8220;home-banner morocco-banner-wrap&#8220; _builder_version=&#8220;4.27.4&#8243; _module_preset=&#8220;default&#8220; background_enable_image=&#8220;off&#8220; background_position=&#8220;top_center&#8220; min_height=&#8220;700px&#8220; min_height_tablet=&#8220;700px&#8220; min_height_phone=&#8220;600px&#8220; min_height_last_edited=&#8220;on|phone&#8220; height=&#8220;100%&#8220; height_tablet=&#8220;100%&#8220; height_phone=&#8220;100%&#8220; height_last_edited=&#8220;on|desktop&#8220; custom_margin=&#8220;0px||30px|0px|false|false&#8220; custom_padding=&#8220;0px||0px|0px|false|false&#8220; custom_padding_tablet=&#8220;|20px||20px|false|false&#8220; custom_padding_phone=&#8220;|15px||15px|false|false&#8220; locked=&#8220;off&#8220; global_colors_info=&#8220;{}&#8220; pre_header_font_size_tablet=&#8220;38px&#8220; pre_header_font_size_phone=&#8220;30px&#8220; pre_header_font_size_last_edited=&#8220;on|tablet&#8220; pre_header_line_height_tablet=&#8220;48px&#8220; pre_header_line_height_phone=&#8220;40px&#8220; pre_header_line_height_last_edited=&#8220;on|tablet&#8220; main_header_font_size_tablet=&#8220;38px&#8220; main_header_font_size_phone=&#8220;30px&#8220; main_header_font_size_last_edited=&#8220;on|phone&#8220; main_header_line_height_tablet=&#8220;48px&#8220; main_header_line_height_phone=&#8220;40px&#8220; main_header_line_height_last_edited=&#8220;on|tablet&#8220;][et_pb_row column_structure=&#8220;1_2,1_2&#8243; use_custom_gutter=&#8220;on&#8220; gutter_width=&#8220;1&#8243; make_equal=&#8220;on&#8220; custom_padding_last_edited=&#8220;on|phone&#8220; _builder_version=&#8220;4.27.4&#8243; _module_preset=&#8220;default&#8220; background_enable_color=&#8220;off&#8220; width=&#8220;100%&#8220; width_tablet=&#8220;100%&#8220; width_phone=&#8220;100%&#8220; width_last_edited=&#8220;on|phone&#8220; max_width=&#8220;1110px&#8220; custom_margin=&#8220;0px||||false|false&#8220; custom_margin_tablet=&#8220;200px||||false|false&#8220; custom_margin_phone=&#8220;0px||0px||false|false&#8220; custom_margin_last_edited=&#8220;on|phone&#8220; custom_padding=&#8220;0px|0px|0px|0px|false|true&#8220; custom_padding_tablet=&#8220;0px|0px|0px|0px|false|false&#8220; custom_padding_phone=&#8220;0px||0px||false|false&#8220; global_colors_info=&#8220;{}&#8220;][et_pb_column type=&#8220;1_2&#8243; admin_label=&#8220;Column&#8220; _builder_version=&#8220;4.22.1&#8243; _module_preset=&#8220;default&#8220; custom_css_main_element=&#8220;align-self: center;&#8220; global_colors_info=&#8220;{}&#8220;][et_pb_image src=&#8220;https:\/\/zakat.ch\/wp-content\/uploads\/2025\/01\/kenya_school_build.png&#8220; title_text=&#8220;kenya_school_build&#8220; _builder_version=&#8220;4.27.4&#8243; _module_preset=&#8220;default&#8220; global_colors_info=&#8220;{}&#8220;][\/et_pb_image][\/et_pb_column][et_pb_column type=&#8220;1_2&#8243; admin_label=&#8220;Column&#8220; _builder_version=&#8220;4.27.4&#8243; _module_preset=&#8220;default&#8220; background_color=&#8220;RGBA(255,255,255,0)&#8220; custom_padding=&#8220;30px|30px|30px|30px|true|true&#8220; background_last_edited=&#8220;on|phone&#8220; use_background_color_gradient_tablet=&#8220;off&#8220; use_background_color_gradient_phone=&#8220;off&#8220; custom_css_main_element=&#8220;align-self: center;&#8220; border_radii=&#8220;on|10px|10px|10px|10px&#8220; global_colors_info=&#8220;{}&#8220;][dipl_double_color_heading heading_pre_part=&#8220;Gemeinsam Bildung&#8220; heading_main_part=&#8220;f\u00fcr eine bessere Zukunft in Kenia schaffen!&#8220; _builder_version=&#8220;4.27.4&#8243; _module_preset=&#8220;default&#8220; pre_header_font=&#8220;tt interphases pro trl|700|||||||&#8220; pre_header_text_color=&#8220;#20413C&#8220; pre_header_font_size=&#8220;39px&#8220; pre_header_line_height=&#8220;49px&#8220; main_header_font=&#8220;tt interphases pro trl|700|||||||&#8220; main_header_text_color=&#8220;#20413C&#8220; main_header_font_size=&#8220;39px&#8220; main_header_line_height=&#8220;49px&#8220; hover_enabled=&#8220;0&#8243; pre_header_font_size_tablet=&#8220;36px&#8220; pre_header_font_size_phone=&#8220;34px&#8220; pre_header_font_size_last_edited=&#8220;on|tablet&#8220; pre_header_line_height_tablet=&#8220;46px&#8220; pre_header_line_height_phone=&#8220;44px&#8220; pre_header_line_height_last_edited=&#8220;on|desktop&#8220; main_header_font_size_tablet=&#8220;36px&#8220; main_header_font_size_phone=&#8220;34px&#8220; main_header_font_size_last_edited=&#8220;on|tablet&#8220; main_header_line_height_tablet=&#8220;46px&#8220; main_header_line_height_phone=&#8220;44px&#8220; main_header_line_height_last_edited=&#8220;on|tablet&#8220; global_colors_info=&#8220;{}&#8220; sticky_enabled=&#8220;0&#8243;][\/dipl_double_color_heading][et_pb_text _builder_version=&#8220;4.27.4&#8243; _module_preset=&#8220;default&#8220; text_font=&#8220;tt interphases pro trl|500|||||||&#8220; text_line_height=&#8220;24px&#8220; custom_padding=&#8220;15px||||false|false&#8220; locked=&#8220;off&#8220; global_colors_info=&#8220;{}&#8220;]<\/p>\n<p><span>Bildung ist der Schl\u00fcssel! Aber in Kenia bleiben noch immer \u00fcber 1 Million Kinder ohne Zugang zu Schule. Vor allem in l\u00e4ndlichen Gebieten wird Bildung oft nicht als Priorit\u00e4t gesehen.<\/span><\/p>\n<p>Wusstest du, dass&#8230;<\/p>\n<ul>\n<li>\n<p>60 % der Kinder in l\u00e4ndlichen Regionen die Grundschule nicht beenden?<\/p>\n<\/li>\n<li>\n<p>41 % der Kenianer keinen Zugang zu sauberem Trinkwasser haben?<\/p>\n<\/li>\n<li>\n<p>Viele Familien stundenlang f\u00fcr Wasser laufen m\u00fcssen, was die Schulbesuche und die Gesundheit der Kinder gef\u00e4hrdet?<\/p>\n<\/li>\n<\/ul>\n<p>[\/et_pb_text][et_pb_button button_url=&#8220;https:\/\/zakat.koalect.com\/de-DE\/project\/help-build-schools-in-kenya?tab=ubersicht&#8220; url_new_window=&#8220;on&#8220; button_text=&#8220;Das Projekt unterst\u00fctzen&#8220; button_alignment=&#8220;left&#8220; module_class=&#8220;btn-wrap&#8220; _builder_version=&#8220;4.27.4&#8243; _module_preset=&#8220;default&#8220; custom_button=&#8220;on&#8220; button_text_size=&#8220;18px&#8220; button_text_color=&#8220;gcid-b398076b-b9ba-47f6-aee0-f4c044453c77&#8243; button_bg_color=&#8220;gcid-3f6bca2c-c5b8-4497-9da5-c40060b0d88b&#8220; button_border_width=&#8220;2px&#8220; button_border_color=&#8220;gcid-3f6bca2c-c5b8-4497-9da5-c40060b0d88b&#8220; button_border_radius=&#8220;30px&#8220; button_font=&#8220;proxima Sera|500|on||||||&#8220; button_use_icon=&#8220;off&#8220; custom_margin=&#8220;30px||||false|false&#8220; custom_margin_tablet=&#8220;30px||||false|false&#8220; custom_margin_phone=&#8220;30px||||false|false&#8220; custom_margin_last_edited=&#8220;on|desktop&#8220; custom_padding=&#8220;10px|30px|10px|30px|false|false&#8220; custom_padding_tablet=&#8220;||||false|false&#8220; custom_padding_phone=&#8220;||||false|false&#8220; custom_padding_last_edited=&#8220;on|desktop&#8220; hover_transition_duration=&#8220;0ms&#8220; locked=&#8220;off&#8220; global_colors_info=&#8220;{%22gcid-b398076b-b9ba-47f6-aee0-f4c044453c77%22:%91%22button_text_color%22%93,%22gcid-3f6bca2c-c5b8-4497-9da5-c40060b0d88b%22:%91%22button_bg_color%22,%22button_text_color__hover%22,%22button_border_color%22,%22button_border_color__hover%22%93}&#8220; button_text_color__hover_enabled=&#8220;on|hover&#8220; button_text_color__hover=&#8220;#ef5138&#8243; button_bg_color__hover_enabled=&#8220;on|hover&#8220; button_bg_color__hover=&#8220;RGBA(255,255,255,0)&#8220; button_bg_enable_color__hover=&#8220;on&#8220; button_border_color__hover_enabled=&#8220;on|desktop&#8220; button_border_color__hover=&#8220;#ef5138&#8243;][\/et_pb_button][\/et_pb_column][\/et_pb_row][\/et_pb_section][et_pb_section fb_built=&#8220;1&#8243; custom_padding_last_edited=&#8220;on|tablet&#8220; _builder_version=&#8220;4.27.4&#8243; _module_preset=&#8220;default&#8220; use_background_color_gradient=&#8220;on&#8220; background_color_gradient_direction=&#8220;90deg&#8220; background_color_gradient_stops=&#8220;#f4e8d1 0%|#ffffff 54%&#8220; background_enable_image=&#8220;off&#8220; background_size=&#8220;contain&#8220; background_position=&#8220;center_left&#8220; background_horizontal_offset=&#8220;-6%&#8220; max_height_tablet=&#8220;&#8220; max_height_phone=&#8220;&#8220; max_height_last_edited=&#8220;on|phone&#8220; custom_padding_tablet=&#8220;|20px||20px|false|false&#8220; custom_padding_phone=&#8220;|15px||15px|false|false&#8220; background_last_edited=&#8220;on|desktop&#8220; background_enable_image_tablet=&#8220;off&#8220; global_colors_info=&#8220;{}&#8220;][et_pb_row column_structure=&#8220;1_2,1_2&#8243; make_equal=&#8220;on&#8220; custom_padding_last_edited=&#8220;on|phone&#8220; _builder_version=&#8220;4.27.4&#8243; _module_preset=&#8220;default&#8220; width=&#8220;100%&#8220; max_width=&#8220;1110px&#8220; custom_padding_tablet=&#8220;&#8220; custom_padding_phone=&#8220;0px||0px||false|false&#8220; global_colors_info=&#8220;{}&#8220;][et_pb_column type=&#8220;1_2&#8243; _builder_version=&#8220;4.23&#8243; _module_preset=&#8220;default&#8220; global_colors_info=&#8220;{}&#8220;][et_pb_text _builder_version=&#8220;4.27.4&#8243; _module_preset=&#8220;default&#8220; header_2_font=&#8220;tt interphases pro trl||||||||&#8220; header_2_text_color=&#8220;#20413C&#8220; custom_padding=&#8220;0px||||false|false&#8220; locked=&#8220;off&#8220; global_colors_info=&#8220;{}&#8220;]<\/p>\n<h2><span>Swiss Zakat Foundation macht den Unterschied!<\/span><\/h2>\n<p><span>Gemeinsam mit unseren Freunden und Partnern vor Ort haben wir bereits Schulen gebaut und hunderte Sch\u00fcler in den Unterricht aufgenommen. Sieh dir unsere Erfolge auf unseren Social-Media-Kan\u00e4len an!<\/span><\/p>\n<h2><span>Deine Unterst\u00fctzung z\u00e4hlt!<\/span><\/h2>\n<p>Mit nur 25 CHF kannst du einem Kind in Kenia einen Monat lang Bildung und Ern\u00e4hrung erm\u00f6glichen. Dieser Betrag sichert nicht nur die Schulgeb\u00fchren, sondern auch notwendige Schulmaterialien und gesunde Mahlzeiten.<\/p>\n<p><strong>Mach mit<\/strong> \u2013 schon f\u00fcr 2 CHF kannst du einen Unterschied machen! eile unsere Mission, sprich deine Bittgebete f\u00fcr die Kinder und vergiss nicht: Jedes gute Werk z\u00e4hlt!<\/p>\n<p>[\/et_pb_text][\/et_pb_column][et_pb_column type=&#8220;1_2&#8243; _builder_version=&#8220;4.27.4&#8243; _module_preset=&#8220;default&#8220; global_colors_info=&#8220;{}&#8220;][et_pb_image src=&#8220;https:\/\/zakat.ch\/wp-content\/uploads\/2025\/01\/goals-UN.png&#8220; title_text=&#8220;goals UN&#8220; align=&#8220;center&#8220; _builder_version=&#8220;4.27.4&#8243; _module_preset=&#8220;default&#8220; global_colors_info=&#8220;{}&#8220;][\/et_pb_image][\/et_pb_column][\/et_pb_row][\/et_pb_section][et_pb_section fb_built=&#8220;1&#8243; custom_padding_last_edited=&#8220;on|tablet&#8220; admin_label=&#8220;Section&#8220; _builder_version=&#8220;4.23&#8243; _module_preset=&#8220;default&#8220; custom_padding_tablet=&#8220;|20px||20px|false|false&#8220; custom_padding_phone=&#8220;|15px||15px|false|false&#8220; global_colors_info=&#8220;{}&#8220;][et_pb_row column_structure=&#8220;1_2,1_2&#8243; make_equal=&#8220;on&#8220; custom_padding_last_edited=&#8220;on|phone&#8220; _builder_version=&#8220;4.27.4&#8243; _module_preset=&#8220;default&#8220; width=&#8220;100%&#8220; max_width=&#8220;1110px&#8220; custom_padding_tablet=&#8220;&#8220; custom_padding_phone=&#8220;0px||||false|false&#8220; global_colors_info=&#8220;{}&#8220;][et_pb_column type=&#8220;1_2&#8243; _builder_version=&#8220;4.23&#8243; _module_preset=&#8220;default&#8220; custom_padding=&#8220;|||0px|false|false&#8220; custom_padding_tablet=&#8220;0px|||0px|false|false&#8220; custom_padding_phone=&#8220;40px|||0px|false|false&#8220; custom_padding_last_edited=&#8220;on|phone&#8220; global_colors_info=&#8220;{}&#8220;][et_pb_image src=&#8220;https:\/\/zakat.ch\/wp-content\/uploads\/2025\/01\/team_kenya_shcool.png&#8220; title_text=&#8220;team_kenya_shcool&#8220; align_tablet=&#8220;&#8220; align_phone=&#8220;&#8220; align_last_edited=&#8220;on|tablet&#8220; _builder_version=&#8220;4.27.4&#8243; _module_preset=&#8220;default&#8220; max_width_tablet=&#8220;60%&#8220; max_width_phone=&#8220;90%&#8220; max_width_last_edited=&#8220;on|phone&#8220; module_alignment=&#8220;left&#8220; custom_margin=&#8220;0px||0px||false|false&#8220; custom_padding=&#8220;|||32px|false|false&#8220; custom_padding_tablet=&#8220;|||0px|false|false&#8220; custom_padding_phone=&#8220;|||0px|false|false&#8220; custom_padding_last_edited=&#8220;on|phone&#8220; module_alignment_tablet=&#8220;center&#8220; module_alignment_phone=&#8220;center&#8220; module_alignment_last_edited=&#8220;on|tablet&#8220; border_radii=&#8220;on|5px|5px|5px|5px&#8220; locked=&#8220;off&#8220; global_colors_info=&#8220;{}&#8220;][\/et_pb_image][et_pb_code admin_label=&#8220;Code&#8220; _builder_version=&#8220;4.23&#8243; _module_preset=&#8220;default&#8220; global_colors_info=&#8220;{}&#8220;]<script><!-- [et_pb_line_break_holder] -->jQuery(document).ready(function($) {<!-- [et_pb_line_break_holder] -->if ($('.dm-autoplay-btn .et_pb_video_box').length !== 0) {<!-- [et_pb_line_break_holder] -->$('.dm-autoplay-btn .et_pb_video_box').find('video').prop('muted', true);<!-- [et_pb_line_break_holder] -->$(\".dm-autoplay-btn .et_pb_video_box\").find('video').attr('loop', 'loop');<!-- [et_pb_line_break_holder] -->$(\".dm-autoplay-btn .et_pb_video_box\").find('video').attr('playsInline', '');<!-- [et_pb_line_break_holder] -->$(\".dm-autoplay-btn .et_pb_video_box\").each(function() {<!-- [et_pb_line_break_holder] -->$(this).find('video').get(0).play();<!-- [et_pb_line_break_holder] -->});<!-- [et_pb_line_break_holder] -->}<!-- [et_pb_line_break_holder] -->});<!-- [et_pb_line_break_holder] --><\/script>[\/et_pb_code][\/et_pb_column][et_pb_column type=&#8220;1_2&#8243; _builder_version=&#8220;4.27.4&#8243; _module_preset=&#8220;default&#8220; global_colors_info=&#8220;{}&#8220;][et_pb_text _builder_version=&#8220;4.27.4&#8243; _module_preset=&#8220;default&#8220; text_font=&#8220;tt interphases pro trl|500|||||||&#8220; text_line_height=&#8220;24px&#8220; header_2_font=&#8220;tt interphases pro trl||||||||&#8220; header_2_text_color=&#8220;#20413C&#8220; text_orientation_tablet=&#8220;center&#8220; text_orientation_phone=&#8220;center&#8220; text_orientation_last_edited=&#8220;on|desktop&#8220; global_colors_info=&#8220;{}&#8220;]<\/p>\n<h2><span>Tu dir und deiner Seele etwas Gutes!<\/span><\/h2>\n<p><span>Indem du hilfst, schaffst du einen Ort, der deinen Namen tr\u00e4gt. Danke f\u00fcr deine Unterst\u00fctzung!<\/span><\/p>\n<p>[\/et_pb_text][et_pb_button button_url=&#8220;https:\/\/zakat.koalect.com\/de-DE\/project\/help-build-schools-in-kenya?tab=ubersicht&#8220; url_new_window=&#8220;on&#8220; button_text=&#8220;Das Projekt unterst\u00fctzen&#8220; button_alignment=&#8220;left&#8220; button_alignment_tablet=&#8220;center&#8220; button_alignment_phone=&#8220;center&#8220; button_alignment_last_edited=&#8220;on|tablet&#8220; _builder_version=&#8220;4.27.4&#8243; _module_preset=&#8220;default&#8220; custom_button=&#8220;on&#8220; button_text_size=&#8220;18px&#8220; button_text_color=&#8220;#FFFFFF&#8220; button_bg_color=&#8220;gcid-3f6bca2c-c5b8-4497-9da5-c40060b0d88b&#8220; button_border_radius=&#8220;30px&#8220; button_font=&#8220;proxima Sera||on||||||&#8220; locked=&#8220;off&#8220; global_colors_info=&#8220;{%22gcid-3f6bca2c-c5b8-4497-9da5-c40060b0d88b%22:%91%22button_bg_color%22%93,%22gcid-074ead7b-f9e4-4a58-8a98-c224b4718306%22:%91%22button_bg_color__hover%22%93}&#8220; button_bg_color__hover_enabled=&#8220;on|desktop&#8220; button_bg_color__hover=&#8220;#20413c&#8220; button_bg_enable_color__hover=&#8220;on&#8220;][\/et_pb_button][\/et_pb_column][\/et_pb_row][\/et_pb_section]<\/p>\n","protected":false},"excerpt":{"rendered":"<p><div class=\"et_pb_module dipl_double_color_heading dipl_double_color_heading_0 \">\n\t\t\t\t\n\t\t\t\t\n\t\t\t\t\n\t\t\t\t\n\t\t\t\t\n\t\t\t\t\n\t\t\t\t<div class=\"et_pb_module_inner\">\n\t\t\t\t\t<div class=\"dipl_text_wrapper\"><h2><span class=\"dipl_pre_text\">Gemeinsam Bildung<\/span><span class=\"dipl_main_text\">&nbsp;f\u00fcr eine bessere Zukunft in Kenia schaffen!<\/span><\/h2><\/div>\n\t\t\t\t<\/div>\n\t\t\t<\/div>Bildung ist der Schl\u00fcssel! Aber in Kenia bleiben noch immer \u00fcber 1 Million Kinder ohne [&hellip;]<\/p>\n","protected":false},"author":25,"featured_media":0,"parent":0,"menu_order":0,"comment_status":"closed","ping_status":"closed","template":"","meta":{"_acf_changed":false,"_et_pb_use_builder":"on","_et_pb_old_content":"","_et_gb_content_width":"","inline_featured_image":false,"footnotes":""},"class_list":["post-264980","page","type-page","status-publish","hentry"],"acf":[],"_links":{"self":[{"href":"https:\/\/zakat.ch\/de\/wp-json\/wp\/v2\/pages\/264980","targetHints":{"allow":["GET"]}}],"collection":[{"href":"https:\/\/zakat.ch\/de\/wp-json\/wp\/v2\/pages"}],"about":[{"href":"https:\/\/zakat.ch\/de\/wp-json\/wp\/v2\/types\/page"}],"author":[{"embeddable":true,"href":"https:\/\/zakat.ch\/de\/wp-json\/wp\/v2\/users\/25"}],"replies":[{"embeddable":true,"href":"https:\/\/zakat.ch\/de\/wp-json\/wp\/v2\/comments?post=264980"}],"version-history":[{"count":0,"href":"https:\/\/zakat.ch\/de\/wp-json\/wp\/v2\/pages\/264980\/revisions"}],"wp:attachment":[{"href":"https:\/\/zakat.ch\/de\/wp-json\/wp\/v2\/media?parent=264980"}],"curies":[{"name":"wp","href":"https:\/\/api.w.org\/{rel}","templated":true}]}}