

{"id":263496,"date":"2023-04-10T08:51:50","date_gmt":"2023-04-10T08:51:50","guid":{"rendered":"https:\/\/zakat.ch\/mach-mit\/my-ten-nights\/"},"modified":"2024-03-06T15:42:53","modified_gmt":"2024-03-06T13:42:53","slug":"my-ten-nights","status":"publish","type":"page","link":"https:\/\/zakat.ch\/de\/mach-mit\/my-ten-nights\/","title":{"rendered":"My ten nights"},"content":{"rendered":"<p>[et_pb_section fb_built=&#8220;1&#8243; module_class=&#8220;home-banner&#8220; _builder_version=&#8220;4.24.2&#8243; _module_preset=&#8220;default&#8220; background_color=&#8220;#f4e8d1&#8243; background_enable_image=&#8220;off&#8220; top_divider_height_tablet=&#8220;&#8220; top_divider_height_phone=&#8220;&#8220; top_divider_height_last_edited=&#8220;on|desktop&#8220; bottom_divider_color=&#8220;#FFFFFF&#8220; bottom_divider_height=&#8220;56px&#8220; bottom_divider_flip=&#8220;vertical&#8220; hover_enabled=&#8220;0&#8243; global_colors_info=&#8220;{}&#8220; pre_header_font_size_tablet=&#8220;38px&#8220; pre_header_font_size_phone=&#8220;30px&#8220; pre_header_font_size_last_edited=&#8220;on|tablet&#8220; pre_header_line_height_tablet=&#8220;48px&#8220; pre_header_line_height_phone=&#8220;40px&#8220; pre_header_line_height_last_edited=&#8220;on|tablet&#8220; main_header_font_size_tablet=&#8220;38px&#8220; main_header_font_size_phone=&#8220;30px&#8220; main_header_font_size_last_edited=&#8220;on|phone&#8220; main_header_line_height_tablet=&#8220;48px&#8220; main_header_line_height_phone=&#8220;40px&#8220; main_header_line_height_last_edited=&#8220;on|tablet&#8220; sticky_enabled=&#8220;0&#8243;][et_pb_row column_structure=&#8220;1_2,1_2&#8243; make_equal=&#8220;on&#8220; _builder_version=&#8220;4.16&#8243; _module_preset=&#8220;default&#8220; custom_padding=&#8220;0px||0px||false|false&#8220; custom_css_main_element=&#8220;align-items:center;&#8220; global_colors_info=&#8220;{}&#8220;][et_pb_column type=&#8220;1_2&#8243; _builder_version=&#8220;4.16&#8243; _module_preset=&#8220;default&#8220; custom_css_main_element=&#8220;align-self: center;&#8220; global_colors_info=&#8220;{}&#8220;][dipl_double_color_heading heading_pre_part=&#8220;My ten nights&#8220; _builder_version=&#8220;4.24.2&#8243; _module_preset=&#8220;default&#8220; global_heading_settings_text_align=&#8220;left&#8220; pre_header_font=&#8220;Albra|600||on|||||&#8220; pre_header_text_align=&#8220;center&#8220; pre_header_text_color=&#8220;gcid-15599499-c353-451e-8ce1-3567189c5682&#8243; pre_header_font_size=&#8220;18px&#8220; pre_header_line_height=&#8220;28px&#8220; custom_margin=&#8220;0px||0px||false|false&#8220; custom_margin_tablet=&#8220;0px||0px||false|false&#8220; custom_margin_phone=&#8220;0px||0px||false|false&#8220; custom_margin_last_edited=&#8220;on|desktop&#8220; custom_padding=&#8220;0px|0px|0px|0px|false|false&#8220; custom_padding_tablet=&#8220;0px|0px|0px|0px|false|false&#8220; custom_padding_phone=&#8220;0px|0px|0px|0px|false|false&#8220; custom_padding_last_edited=&#8220;on|desktop&#8220; hover_enabled=&#8220;0&#8243; pre_header_font_size_tablet=&#8220;18px&#8220; pre_header_font_size_phone=&#8220;18px&#8220; pre_header_font_size_last_edited=&#8220;on|desktop&#8220; pre_header_line_height_tablet=&#8220;28px&#8220; pre_header_line_height_phone=&#8220;28px&#8220; pre_header_line_height_last_edited=&#8220;on|desktop&#8220; locked=&#8220;off&#8220; global_colors_info=&#8220;{%22gcid-15599499-c353-451e-8ce1-3567189c5682%22:%91%22pre_header_text_color%22%93}&#8220; sticky_enabled=&#8220;0&#8243;][\/dipl_double_color_heading][dipl_double_color_heading heading_pre_part=&#8220;Verpassen Sie&#8220; heading_main_part=&#8220;nicht&#8220; heading_post_part=&#8220;Laylatul Qadr&#8220; _builder_version=&#8220;4.24.2&#8243; _module_preset=&#8220;default&#8220; global_heading_settings_level=&#8220;h3&#8243; global_heading_settings_text_align=&#8220;left&#8220; pre_header_font=&#8220;tt interphases pro trl|700|||||||&#8220; pre_header_text_align=&#8220;left&#8220; pre_header_font_size=&#8220;48px&#8220; pre_header_line_height=&#8220;58px&#8220; main_header_font=&#8220;tt interphases pro trl|700|on||||||&#8220; main_header_text_color=&#8220;gcid-15599499-c353-451e-8ce1-3567189c5682&#8243; main_header_font_size=&#8220;48px&#8220; main_header_line_height=&#8220;58px&#8220; post_header_font=&#8220;Albra|500|on||||||&#8220; post_header_text_color=&#8220;gcid-15599499-c353-451e-8ce1-3567189c5682&#8243; post_header_font_size=&#8220;48px&#8220; post_header_line_height=&#8220;58px&#8220; hover_enabled=&#8220;0&#8243; pre_header_font_size_tablet=&#8220;36px&#8220; pre_header_font_size_phone=&#8220;32px&#8220; pre_header_font_size_last_edited=&#8220;on|phone&#8220; pre_header_line_height_tablet=&#8220;46px&#8220; pre_header_line_height_phone=&#8220;42px&#8220; pre_header_line_height_last_edited=&#8220;on|desktop&#8220; main_header_font_size_tablet=&#8220;36px&#8220; main_header_font_size_phone=&#8220;32px&#8220; main_header_font_size_last_edited=&#8220;on|desktop&#8220; main_header_line_height_tablet=&#8220;46px&#8220; main_header_line_height_phone=&#8220;42px&#8220; main_header_line_height_last_edited=&#8220;on|desktop&#8220; post_header_font_size_tablet=&#8220;36px&#8220; post_header_font_size_phone=&#8220;32px&#8220; post_header_font_size_last_edited=&#8220;on|phone&#8220; post_header_line_height_tablet=&#8220;48px&#8220; post_header_line_height_phone=&#8220;42px&#8220; post_header_line_height_last_edited=&#8220;on|desktop&#8220; locked=&#8220;off&#8220; global_colors_info=&#8220;{%22gcid-15599499-c353-451e-8ce1-3567189c5682%22:%91%22pre_header_text_color%22,%22main_header_text_color%22,%22post_header_text_color%22%93}&#8220; sticky_enabled=&#8220;0&#8243; main_header_text_align=&#8220;left&#8220;][\/dipl_double_color_heading][et_pb_text _builder_version=&#8220;4.24.2&#8243; _module_preset=&#8220;default&#8220; text_font=&#8220;tt interphases pro trl|600|||||||&#8220; text_line_height=&#8220;26px&#8220; hover_enabled=&#8220;0&#8243; global_colors_info=&#8220;{}&#8220; sticky_enabled=&#8220;0&#8243;]<\/p>\n<p><span>Wenn Sie auf die unten stehende Schaltfl\u00e4che klicken, \u00f6ffnet sich unser Pop-up-Fenster &#8222;My Ten Nights&#8220;. Es bietet Ihnen die M\u00f6glichkeit, Ihre Zakat- und Sadaqa im Laufe der letzten 10 N\u00e4chte des Ramadan zu planen.<\/span><\/p>\n<p>[\/et_pb_text][et_pb_code _builder_version=&#8220;4.20.2&#8243; _module_preset=&#8220;default&#8220; global_colors_info=&#8220;{}&#8220;]<script src=\"https:\/\/mytennights.com\/widget.js\"><\/script>[\/et_pb_code][et_pb_text _builder_version=&#8220;4.20.2&#8243; _module_preset=&#8220;default&#8220; global_colors_info=&#8220;{}&#8220;]<\/p>\n<p><mtn-button charity=\"swiss-zakat-foundation-ch\"><\/mtn-button><\/p>\n<p>[\/et_pb_text][\/et_pb_column][et_pb_column type=&#8220;1_2&#8243; _builder_version=&#8220;4.16&#8243; _module_preset=&#8220;default&#8220; custom_css_main_element=&#8220;align-self: center;&#8220; global_colors_info=&#8220;{}&#8220;][et_pb_image src=&#8220;https:\/\/zakat.ch\/wp-content\/uploads\/2023\/03\/My10nights-zakat-foundation.png&#8220; title_text=&#8220;My10nights zakat foundation&#8220; _builder_version=&#8220;4.20.2&#8243; _module_preset=&#8220;default&#8220; global_colors_info=&#8220;{}&#8220;][\/et_pb_image][\/et_pb_column][\/et_pb_row][\/et_pb_section][et_pb_section fb_built=&#8220;1&#8243; custom_padding_last_edited=&#8220;on|desktop&#8220; admin_label=&#8220;Section&#8220; _builder_version=&#8220;4.23&#8243; _module_preset=&#8220;default&#8220; custom_margin=&#8220;0px||0px||false|false&#8220; custom_margin_tablet=&#8220;0px||0px||false|false&#8220; custom_margin_phone=&#8220;0px||0px||false|false&#8220; custom_margin_last_edited=&#8220;on|desktop&#8220; custom_padding=&#8220;100px|0px|100px|0px|false|false&#8220; custom_padding_tablet=&#8220;80px|10px|80px|10px|false|false&#8220; custom_padding_phone=&#8220;60px|15px|60px|15px|false|false&#8220; locked=&#8220;off&#8220; global_colors_info=&#8220;{}&#8220;][et_pb_row custom_padding_last_edited=&#8220;on|desktop&#8220; _builder_version=&#8220;4.23&#8243; _module_preset=&#8220;default&#8220; custom_margin=&#8220;0px||0px||false|false&#8220; custom_margin_tablet=&#8220;0px||0px||false|false&#8220; custom_margin_phone=&#8220;0px||0px||false|false&#8220; custom_margin_last_edited=&#8220;on|desktop&#8220; custom_padding=&#8220;0px|0px|0px|0px|false|false&#8220; custom_padding_tablet=&#8220;0px|0px|0px|0px|false|false&#8220; custom_padding_phone=&#8220;0px|0px|0px|0px|false|false&#8220; global_colors_info=&#8220;{}&#8220;][et_pb_column type=&#8220;4_4&#8243; _builder_version=&#8220;4.23&#8243; _module_preset=&#8220;default&#8220; global_colors_info=&#8220;{}&#8220;][dipl_double_color_heading heading_pre_part=&#8220;Impact&#8220; _builder_version=&#8220;4.23.3&#8243; _module_preset=&#8220;default&#8220; global_heading_settings_text_align=&#8220;center&#8220; pre_header_font=&#8220;tt interphases pro trl|700|||||||&#8220; pre_header_text_align=&#8220;center&#8220; pre_header_font_size=&#8220;48px&#8220; pre_header_line_height=&#8220;58px&#8220; pre_header_font_size_tablet=&#8220;36px&#8220; pre_header_font_size_phone=&#8220;32px&#8220; pre_header_font_size_last_edited=&#8220;on|phone&#8220; pre_header_line_height_tablet=&#8220;46px&#8220; pre_header_line_height_phone=&#8220;42px&#8220; pre_header_line_height_last_edited=&#8220;on|desktop&#8220; global_colors_info=&#8220;{}&#8220;][\/dipl_double_color_heading][\/et_pb_column][\/et_pb_row][et_pb_row column_structure=&#8220;1_3,1_3,1_3&#8243; use_custom_gutter=&#8220;on&#8220; gutter_width=&#8220;2&#8243; custom_padding_last_edited=&#8220;on|desktop&#8220; _builder_version=&#8220;4.23&#8243; _module_preset=&#8220;default&#8220; width=&#8220;100%&#8220; max_width=&#8220;1140px&#8220; custom_margin=&#8220;0px||0px||false|false&#8220; custom_margin_tablet=&#8220;0px||0px||false|false&#8220; custom_margin_phone=&#8220;||||false|false&#8220; custom_margin_last_edited=&#8220;on|desktop&#8220; custom_padding=&#8220;60px||0px||false|false&#8220; custom_padding_tablet=&#8220;50px|0px|0px|0px|false|false&#8220; custom_padding_phone=&#8220;40px|0px||0px|false|false&#8220; custom_css_main_element=&#8220;width:100%&#8220; global_colors_info=&#8220;{}&#8220;][et_pb_column type=&#8220;1_3&#8243; module_class=&#8220;impact-card-wrap&#8220; _builder_version=&#8220;4.23&#8243; _module_preset=&#8220;default&#8220; background_color=&#8220;gcid-b398076b-b9ba-47f6-aee0-f4c044453c77&#8243; custom_padding=&#8220;30px|30px|30px|30px|false|false&#8220; custom_padding_tablet=&#8220;20px|20px|20px|20px|false|false&#8220; custom_padding_phone=&#8220;20px|20px|20px|20px|false|false&#8220; custom_padding_last_edited=&#8220;on|tablet&#8220; border_radii=&#8220;on|10px|10px|10px|10px&#8220; border_width_top=&#8220;4px&#8220; border_color_top=&#8220;#EF5138&#8243; box_shadow_style=&#8220;preset1&#8243; box_shadow_vertical=&#8220;0px&#8220; box_shadow_blur=&#8220;15px&#8220; box_shadow_color=&#8220;rgba(25,25,25,0.08)&#8220; global_colors_info=&#8220;{%22gcid-b398076b-b9ba-47f6-aee0-f4c044453c77%22:%91%22background_color%22%93}&#8220; custom_css_main_element_last_edited=&#8220;off|desktop&#8220;][dipl_image_card title=&#8220;Zakat berechnen&#8220; image=&#8220;https:\/\/zakat.ch\/wp-content\/uploads\/2023\/11\/calculate-zakat.svg&#8220; image_alt=&#8220;Calculate Zakat&#8220; icon_font_size=&#8220;16px&#8220; show_button=&#8220;on&#8220; button_text=&#8220;Zakat berechnen&#8220; button_url=&#8220;@ET-DC@eyJkeW5hbWljIjp0cnVlLCJjb250ZW50IjoicG9zdF9saW5rX3VybF9wYWdlIiwic2V0dGluZ3MiOnsicG9zdF9pZCI6IjI1ODk3OCIsImVuYWJsZV9odG1sIjoib2ZmIn19@&#8220; content_custom_padding=&#8220;20px|0px|20px|0px|true|true&#8220; module_class=&#8220;donate-btn&#8220; _builder_version=&#8220;4.23.3&#8243; _dynamic_attributes=&#8220;button_url&#8220; _module_preset=&#8220;default&#8220; title_font=&#8220;tt interphases pro trl|600|||||||&#8220; title_text_color=&#8220;gcid-15599499-c353-451e-8ce1-3567189c5682&#8243; title_font_size=&#8220;26px&#8220; title_line_height=&#8220;36px&#8220; content_font=&#8220;tt interphases pro trl|700|||||||&#8220; content_text_color=&#8220;gcid-37b68681-b003-4264-8295-e2616fa86e22&#8243; content_font_size=&#8220;16px&#8220; content_line_height=&#8220;26px&#8220; custom_button=&#8220;on&#8220; button_text_size=&#8220;18px&#8220; button_text_color=&#8220;gcid-b398076b-b9ba-47f6-aee0-f4c044453c77&#8243; button_bg_color=&#8220;gcid-3f6bca2c-c5b8-4497-9da5-c40060b0d88b&#8220; button_border_color=&#8220;gcid-3f6bca2c-c5b8-4497-9da5-c40060b0d88b&#8220; button_border_radius=&#8220;30px&#8220; button_font=&#8220;proxima Sera||on||||||&#8220; button_use_icon=&#8220;off&#8220; button_alignment=&#8220;center&#8220; button_custom_margin=&#8220;30px||||false|false&#8220; button_custom_padding=&#8220;10px|30px|10px|30px|false|false&#8220; button_custom_padding_tablet=&#8220;10px|30px|10px|30px|false|false&#8220; button_custom_padding_phone=&#8220;10px|30px|10px|30px|false|false&#8220; button_custom_padding_last_edited=&#8220;on|desktop&#8220; text_orientation=&#8220;center&#8220; max_width=&#8220;100%&#8220; custom_margin=&#8220;||||false|false&#8220; custom_margin_tablet=&#8220;||||false|false&#8220; custom_margin_phone=&#8220;||||false|false&#8220; custom_margin_last_edited=&#8220;on|desktop&#8220; title_font_size_tablet=&#8220;26px&#8220; title_font_size_phone=&#8220;22px&#8220; title_font_size_last_edited=&#8220;on|desktop&#8220; title_line_height_tablet=&#8220;36px&#8220; title_line_height_phone=&#8220;32px&#8220; title_line_height_last_edited=&#8220;on|phone&#8220; global_colors_info=&#8220;{%22gcid-3f6bca2c-c5b8-4497-9da5-c40060b0d88b%22:%91%22button_bg_color%22,%22button_border_color%22,%22button_border_color__hover%22%93,%22gcid-b398076b-b9ba-47f6-aee0-f4c044453c77%22:%91%22button_text_color%22,%22button_text_color%22%93,%22gcid-15599499-c353-451e-8ce1-3567189c5682%22:%91%22title_text_color%22,%22title_text_color%22%93,%22gcid-37b68681-b003-4264-8295-e2616fa86e22%22:%91%22content_text_color%22%93}&#8220; button_bg_color__hover_enabled=&#8220;on|hover&#8220; button_bg_color__hover=&#8220;RGBA(255,255,255,0)&#8220; button_bg_enable_color__hover=&#8220;on&#8220; button_border_color__hover_enabled=&#8220;on|hover&#8220; button_border_color__hover=&#8220;#ef5138&#8243; button_text_color__hover_enabled=&#8220;on|hover&#8220; button_text_color__hover=&#8220;#EF5138&#8243;]<\/p>\n<p>Verwenden Sie unseren einfachen Rechner, um den Betrag Ihrer Zakat herauszufinden.<\/p>\n<p>[\/dipl_image_card][\/et_pb_column][et_pb_column type=&#8220;1_3&#8243; module_class=&#8220;impact-card-wrap&#8220; _builder_version=&#8220;4.23&#8243; _module_preset=&#8220;default&#8220; background_color=&#8220;gcid-b398076b-b9ba-47f6-aee0-f4c044453c77&#8243; custom_padding=&#8220;30px|30px|30px|30px|false|false&#8220; custom_padding_tablet=&#8220;20px|20px|20px|20px|false|false&#8220; custom_padding_phone=&#8220;20px|20px|20px|20px|false|false&#8220; custom_padding_last_edited=&#8220;on|tablet&#8220; border_radii=&#8220;on|10px|10px|10px|10px&#8220; border_width_top=&#8220;4px&#8220; border_color_top=&#8220;gcid-074ead7b-f9e4-4a58-8a98-c224b4718306&#8243; box_shadow_style=&#8220;preset1&#8243; box_shadow_vertical=&#8220;0px&#8220; box_shadow_blur=&#8220;15px&#8220; box_shadow_color=&#8220;rgba(25,25,25,0.08)&#8220; global_colors_info=&#8220;{%22gcid-b398076b-b9ba-47f6-aee0-f4c044453c77%22:%91%22background_color%22,%22background_color%22,%22background_color%22,%22background_color%22%93,%22gcid-15599499-c353-451e-8ce1-3567189c5682%22:%91%22box_shadow_color%22%93,%22gcid-074ead7b-f9e4-4a58-8a98-c224b4718306%22:%91%22border_color_top%22%93}&#8220; custom_css_main_element_last_edited=&#8220;on|tablet&#8220; custom_css_main_element_tablet=&#8220;width:46%;||margin-left:10px;||margin-right:10px;&#8220; custom_css_main_element_phone=&#8220;width:100%;&#8220;][dipl_image_card title=&#8220;Zakat zahlen&#8220; image=&#8220;https:\/\/zakat.ch\/wp-content\/uploads\/2023\/11\/pay-zakat.svg&#8220; image_alt=&#8220;Calculate Zakat&#8220; icon_font_size=&#8220;16px&#8220; show_button=&#8220;on&#8220; button_text=&#8220;Zakat zahlen&#8220; button_url=&#8220;@ET-DC@eyJkeW5hbWljIjp0cnVlLCJjb250ZW50IjoicG9zdF9saW5rX3VybF9wYWdlIiwic2V0dGluZ3MiOnsicG9zdF9pZCI6IjI2MDQyNyIsImVuYWJsZV9odG1sIjoib2ZmIn19@&#8220; content_custom_padding=&#8220;20px|0px|20px|0px|true|true&#8220; module_class=&#8220;donate-btn&#8220; _builder_version=&#8220;4.23.3&#8243; _dynamic_attributes=&#8220;button_url&#8220; _module_preset=&#8220;default&#8220; title_font=&#8220;tt interphases pro trl|600|||||||&#8220; title_text_color=&#8220;gcid-15599499-c353-451e-8ce1-3567189c5682&#8243; title_font_size=&#8220;26px&#8220; title_line_height=&#8220;36px&#8220; content_font=&#8220;tt interphases pro trl|700|||||||&#8220; content_text_color=&#8220;gcid-37b68681-b003-4264-8295-e2616fa86e22&#8243; content_font_size=&#8220;16px&#8220; content_line_height=&#8220;26px&#8220; custom_button=&#8220;on&#8220; button_text_size=&#8220;18px&#8220; button_text_color=&#8220;gcid-b398076b-b9ba-47f6-aee0-f4c044453c77&#8243; button_bg_color=&#8220;gcid-074ead7b-f9e4-4a58-8a98-c224b4718306&#8243; button_border_width=&#8220;1px&#8220; button_border_color=&#8220;#20413C&#8220; button_border_radius=&#8220;30px&#8220; button_font=&#8220;proxima Sera||on||||||&#8220; button_use_icon=&#8220;off&#8220; button_alignment=&#8220;center&#8220; button_custom_margin=&#8220;30px||||false|false&#8220; button_custom_padding=&#8220;10px|30px|10px|30px|false|false&#8220; button_custom_padding_tablet=&#8220;10px|30px|10px|30px|false|false&#8220; button_custom_padding_phone=&#8220;10px|30px|10px|30px|false|false&#8220; button_custom_padding_last_edited=&#8220;on|desktop&#8220; text_orientation=&#8220;center&#8220; max_width=&#8220;100%&#8220; custom_margin=&#8220;||||false|false&#8220; custom_margin_tablet=&#8220;||||false|false&#8220; custom_margin_phone=&#8220;||||false|false&#8220; custom_margin_last_edited=&#8220;on|desktop&#8220; title_font_size_tablet=&#8220;26px&#8220; title_font_size_phone=&#8220;22px&#8220; title_font_size_last_edited=&#8220;on|desktop&#8220; title_line_height_tablet=&#8220;36px&#8220; title_line_height_phone=&#8220;32px&#8220; title_line_height_last_edited=&#8220;on|phone&#8220; global_colors_info=&#8220;{%22gcid-3f6bca2c-c5b8-4497-9da5-c40060b0d88b%22:%91%22button_border_color__hover%22,%22button_text_color__hover%22,%22button_border_color__hover%22%93,%22gcid-b398076b-b9ba-47f6-aee0-f4c044453c77%22:%91%22button_text_color%22,%22button_text_color%22,%22button_text_color%22,%22button_text_color%22,%22button_text_color%22,%22button_text_color%22,%22button_text_color%22%93,%22gcid-15599499-c353-451e-8ce1-3567189c5682%22:%91%22title_text_color%22,%22title_text_color%22,%22title_text_color%22,%22title_text_color%22,%22title_text_color%22,%22title_text_color%22,%22title_text_color%22,%22title_text_color%22,%22title_text_color%22%93,%22gcid-37b68681-b003-4264-8295-e2616fa86e22%22:%91%22content_text_color%22,%22content_text_color%22,%22content_text_color%22,%22content_text_color%22,%22content_text_color%22%93,%22gcid-074ead7b-f9e4-4a58-8a98-c224b4718306%22:%91%22button_bg_color__hover%22,%22button_bg_color%22%93}&#8220; button_bg_color__hover_enabled=&#8220;on|hover&#8220; button_bg_enable_color__hover=&#8220;on&#8220; button_border_width__hover_enabled=&#8220;on|hover&#8220; button_border_color__hover_enabled=&#8220;on|desktop&#8220; button_text_color__hover_enabled=&#8220;on|hover&#8220; button_text_color__hover=&#8220;#EF5138&#8243; button_bg_color__hover=&#8220;RGBA(255,255,255,0)&#8220; button_border_color__hover=&#8220;#ef5138&#8243; button_border_width__hover=&#8220;1px&#8220; border_width_all__hover_enabled=&#8220;on|hover&#8220;]<\/p>\n<p>Wenn Sie den Betrag Ihrer Zakat bereits kennen, klicken Sie hier.<\/p>\n<p>[\/dipl_image_card][\/et_pb_column][et_pb_column type=&#8220;1_3&#8243; module_class=&#8220;impact-card-wrap&#8220; _builder_version=&#8220;4.23&#8243; _module_preset=&#8220;default&#8220; background_color=&#8220;gcid-b398076b-b9ba-47f6-aee0-f4c044453c77&#8243; custom_padding=&#8220;30px|30px|30px|30px|false|false&#8220; custom_padding_tablet=&#8220;20px|20px|20px|20px|false|false&#8220; custom_padding_phone=&#8220;20px|20px|20px|20px|false|false&#8220; custom_padding_last_edited=&#8220;on|tablet&#8220; border_radii=&#8220;on|10px|10px|10px|10px&#8220; border_width_top=&#8220;4px&#8220; border_color_top=&#8220;#EF5138&#8243; box_shadow_style=&#8220;preset1&#8243; box_shadow_vertical=&#8220;0px&#8220; box_shadow_blur=&#8220;15px&#8220; box_shadow_color=&#8220;rgba(25,25,25,0.08)&#8220; global_colors_info=&#8220;{%22gcid-b398076b-b9ba-47f6-aee0-f4c044453c77%22:%91%22background_color%22,%22background_color%22,%22background_color%22,%22background_color%22,%22background_color%22%93,%22gcid-15599499-c353-451e-8ce1-3567189c5682%22:%91%22box_shadow_color%22,%22box_shadow_color%22%93}&#8220; custom_css_main_element_last_edited=&#8220;off|phone&#8220;][dipl_image_card title=&#8220;Spenden&#8220; image=&#8220;https:\/\/zakat.ch\/wp-content\/uploads\/2023\/11\/give-sadaqah.svg&#8220; image_alt=&#8220;Calculate Zakat&#8220; icon_font_size=&#8220;16px&#8220; show_button=&#8220;on&#8220; button_text=&#8220;Spenden&#8220; button_url=&#8220;https:\/\/zakat.ch\/take-action\/give\/&#8220; content_custom_padding=&#8220;20px|0px|20px|0px|true|true&#8220; module_class=&#8220;donate-btn&#8220; _builder_version=&#8220;4.23.3&#8243; _module_preset=&#8220;default&#8220; title_font=&#8220;tt interphases pro trl|600|||||||&#8220; title_text_color=&#8220;gcid-15599499-c353-451e-8ce1-3567189c5682&#8243; title_font_size=&#8220;26px&#8220; title_line_height=&#8220;36px&#8220; content_font=&#8220;tt interphases pro trl|700|||||||&#8220; content_text_color=&#8220;gcid-37b68681-b003-4264-8295-e2616fa86e22&#8243; content_font_size=&#8220;16px&#8220; content_line_height=&#8220;26px&#8220; custom_button=&#8220;on&#8220; button_text_size=&#8220;18px&#8220; button_text_color=&#8220;gcid-b398076b-b9ba-47f6-aee0-f4c044453c77&#8243; button_bg_color=&#8220;gcid-3f6bca2c-c5b8-4497-9da5-c40060b0d88b&#8220; button_border_color=&#8220;gcid-3f6bca2c-c5b8-4497-9da5-c40060b0d88b&#8220; button_border_radius=&#8220;30px&#8220; button_font=&#8220;proxima Sera||on||||||&#8220; button_use_icon=&#8220;off&#8220; button_alignment=&#8220;center&#8220; button_custom_margin=&#8220;30px||||false|false&#8220; button_custom_padding=&#8220;10px|30px|10px|30px|false|false&#8220; button_custom_padding_tablet=&#8220;10px|30px|10px|30px|false|false&#8220; button_custom_padding_phone=&#8220;10px|30px|10px|30px|false|false&#8220; button_custom_padding_last_edited=&#8220;on|desktop&#8220; text_orientation=&#8220;center&#8220; max_width=&#8220;100%&#8220; custom_margin=&#8220;||||false|false&#8220; custom_margin_tablet=&#8220;||||false|false&#8220; custom_margin_phone=&#8220;||||false|false&#8220; custom_margin_last_edited=&#8220;on|desktop&#8220; title_font_size_tablet=&#8220;26px&#8220; title_font_size_phone=&#8220;22px&#8220; title_font_size_last_edited=&#8220;on|desktop&#8220; title_line_height_tablet=&#8220;36px&#8220; title_line_height_phone=&#8220;32px&#8220; title_line_height_last_edited=&#8220;on|phone&#8220; global_colors_info=&#8220;{%22gcid-3f6bca2c-c5b8-4497-9da5-c40060b0d88b%22:%91%22button_bg_color%22,%22button_border_color%22,%22button_border_color__hover%22,%22button_bg_color%22,%22button_bg_color%22,%22button_bg_color%22,%22button_bg_color%22%93,%22gcid-b398076b-b9ba-47f6-aee0-f4c044453c77%22:%91%22button_text_color%22,%22button_text_color%22,%22button_text_color%22,%22button_text_color%22,%22button_text_color%22,%22button_text_color%22%93,%22gcid-15599499-c353-451e-8ce1-3567189c5682%22:%91%22title_text_color%22,%22title_text_color%22,%22title_text_color%22,%22title_text_color%22,%22title_text_color%22,%22title_text_color%22%93,%22gcid-37b68681-b003-4264-8295-e2616fa86e22%22:%91%22content_text_color%22,%22content_text_color%22,%22content_text_color%22%93,%22gcid-074ead7b-f9e4-4a58-8a98-c224b4718306%22:%91%22button_bg_color__hover%22%93}&#8220; button_bg_color__hover=&#8220;RGBA(255,255,255,0)&#8220; button_bg_color__hover_enabled=&#8220;on|hover&#8220; button_text_color__hover=&#8220;#EF5138&#8243; button_text_color__hover_enabled=&#8220;on|hover&#8220; button_border_color__hover=&#8220;#ef5138&#8243; button_border_color__hover_enabled=&#8220;on|hover&#8220;]<\/p>\n<p>Klicken Sie hier, um zu spenden, Ihre Fidya oder Kaffara abzugeben oder Ihre Riba loszuwerden.<\/p>\n<p>[\/dipl_image_card][\/et_pb_column][\/et_pb_row][\/et_pb_section]<\/p>\n","protected":false},"excerpt":{"rendered":"<p><div class=\"et_pb_module dipl_double_color_heading dipl_double_color_heading_0 \">\n\t\t\t\t\n\t\t\t\t\n\t\t\t\t\n\t\t\t\t\n\t\t\t\t\n\t\t\t\t\n\t\t\t\t<div class=\"et_pb_module_inner\">\n\t\t\t\t\t<div class=\"dipl_text_wrapper\"><h2><span class=\"dipl_pre_text\">My ten nights<\/span><\/h2><\/div>\n\t\t\t\t<\/div>\n\t\t\t<\/div><div class=\"et_pb_module dipl_double_color_heading dipl_double_color_heading_1 \">\n\t\t\t\t\n\t\t\t\t\n\t\t\t\t\n\t\t\t\t\n\t\t\t\t\n\t\t\t\t\n\t\t\t\t<div class=\"et_pb_module_inner\">\n\t\t\t\t\t<div class=\"dipl_text_wrapper\"><h2><span class=\"dipl_pre_text\">&#8220;Verpassen<\/span><span class=\"dipl_main_text\">&nbsp;&#8220;nicht&#8220;&nbsp;<\/span><span class=\"dipl_post_text\">&#8220;Laylatul<\/span><\/h2><\/div>\n\t\t\t\t<\/div>\n\t\t\t<\/div><\/p>\n","protected":false},"author":5,"featured_media":0,"parent":257902,"menu_order":0,"comment_status":"closed","ping_status":"closed","template":"","meta":{"_acf_changed":false,"_et_pb_use_builder":"on","_et_pb_old_content":"","_et_gb_content_width":"","inline_featured_image":false,"footnotes":""},"class_list":["post-263496","page","type-page","status-publish","hentry"],"acf":[],"_links":{"self":[{"href":"https:\/\/zakat.ch\/de\/wp-json\/wp\/v2\/pages\/263496","targetHints":{"allow":["GET"]}}],"collection":[{"href":"https:\/\/zakat.ch\/de\/wp-json\/wp\/v2\/pages"}],"about":[{"href":"https:\/\/zakat.ch\/de\/wp-json\/wp\/v2\/types\/page"}],"author":[{"embeddable":true,"href":"https:\/\/zakat.ch\/de\/wp-json\/wp\/v2\/users\/5"}],"replies":[{"embeddable":true,"href":"https:\/\/zakat.ch\/de\/wp-json\/wp\/v2\/comments?post=263496"}],"version-history":[{"count":0,"href":"https:\/\/zakat.ch\/de\/wp-json\/wp\/v2\/pages\/263496\/revisions"}],"up":[{"embeddable":true,"href":"https:\/\/zakat.ch\/de\/wp-json\/wp\/v2\/pages\/257902"}],"wp:attachment":[{"href":"https:\/\/zakat.ch\/de\/wp-json\/wp\/v2\/media?parent=263496"}],"curies":[{"name":"wp","href":"https:\/\/api.w.org\/{rel}","templated":true}]}}