

{"id":260604,"date":"2022-03-31T09:59:49","date_gmt":"2022-03-31T09:59:49","guid":{"rendered":"https:\/\/wpzakatazure.azurewebsites.net\/datenschutzbestimmungen\/"},"modified":"2024-01-23T11:58:08","modified_gmt":"2024-01-23T09:58:08","slug":"datenschutzbestimmungen","status":"publish","type":"page","link":"https:\/\/zakat.ch\/de\/datenschutzbestimmungen\/","title":{"rendered":"Datenschutzbestimmungen"},"content":{"rendered":"<p>[et_pb_section fb_built=&#8220;1&#8243; _builder_version=&#8220;4.23.3&#8243; _module_preset=&#8220;default&#8220; min_height=&#8220;425px&#8220; custom_padding=&#8220;50px||50px||true|false&#8220; hover_enabled=&#8220;0&#8243; global_colors_info=&#8220;{}&#8220; background_enable_color=&#8220;off&#8220; sticky_enabled=&#8220;0&#8243;][et_pb_row _builder_version=&#8220;4.16&#8243; _module_preset=&#8220;default&#8220; global_colors_info=&#8220;{}&#8220;][et_pb_column type=&#8220;4_4&#8243; _builder_version=&#8220;4.16&#8243; _module_preset=&#8220;default&#8220; global_colors_info=&#8220;{}&#8220;][dipl_double_color_heading heading_pre_part=&#8220;Unsere Datenschutzerkl\u00e4rung&#8220; _builder_version=&#8220;4.23.3&#8243; _module_preset=&#8220;default&#8220; global_heading_settings_level=&#8220;h1&#8243; pre_header_font=&#8220;|700|||||||&#8220; pre_header_text_color=&#8220;#000000&#8243; pre_header_font_size=&#8220;56px&#8220; pre_header_line_height=&#8220;60px&#8220; main_header_font=&#8220;|700|||||||&#8220; main_header_text_color=&#8220;#d7282d&#8220; main_header_font_size=&#8220;56px&#8220; main_header_line_height=&#8220;60px&#8220; post_header_font=&#8220;||||||||&#8220; post_header_text_color=&#8220;#363636&#8243; post_header_font_size=&#8220;16px&#8220; post_header_line_height=&#8220;26px&#8220; hover_enabled=&#8220;0&#8243; pre_header_font_size_tablet=&#8220;38px&#8220; pre_header_font_size_phone=&#8220;30px&#8220; pre_header_font_size_last_edited=&#8220;on|tablet&#8220; pre_header_line_height_tablet=&#8220;48px&#8220; pre_header_line_height_phone=&#8220;40px&#8220; pre_header_line_height_last_edited=&#8220;on|tablet&#8220; main_header_font_size_tablet=&#8220;38px&#8220; main_header_font_size_phone=&#8220;30px&#8220; main_header_font_size_last_edited=&#8220;on|phone&#8220; main_header_line_height_tablet=&#8220;48px&#8220; main_header_line_height_phone=&#8220;40px&#8220; main_header_line_height_last_edited=&#8220;on|tablet&#8220; global_colors_info=&#8220;{}&#8220; sticky_enabled=&#8220;0&#8243;][\/dipl_double_color_heading][\/et_pb_column][\/et_pb_row][et_pb_row make_equal=&#8220;on&#8220; _builder_version=&#8220;4.16&#8243; _module_preset=&#8220;default&#8220; custom_padding=&#8220;0px||0px||true|false&#8220; global_colors_info=&#8220;{}&#8220;][et_pb_column type=&#8220;4_4&#8243; _builder_version=&#8220;4.16&#8243; _module_preset=&#8220;default&#8220; custom_css_main_element=&#8220;align-self: center;&#8220; global_colors_info=&#8220;{}&#8220;][dipl_double_color_heading heading_main_part=&#8220;Welche Informationen speichern wir von Ihnen?&#8220; _builder_version=&#8220;4.16&#8243; _module_preset=&#8220;default&#8220; pre_header_text_color=&#8220;#d7282d&#8220; main_header_font=&#8220;|700|||||||&#8220; main_header_text_color=&#8220;#000000&#8243; main_header_font_size=&#8220;20px&#8220; main_header_line_height=&#8220;26px&#8220; custom_margin=&#8220;||10px||false|false&#8220; global_colors_info=&#8220;{}&#8220;][\/dipl_double_color_heading][et_pb_text _builder_version=&#8220;4.16&#8243; _module_preset=&#8220;default&#8220; text_font=&#8220;|600|||||||&#8220; text_line_height=&#8220;26px&#8220; global_colors_info=&#8220;{}&#8220;]Wenn Sie ein Online Formular ausf\u00fcllen, speichern wir Informationen \u00fcber Sie:<\/p>\n<ul>\n<li>Die Anmeldung bei einer Internetseite oder das Aktualisieren von Ihren Kundendaten<\/li>\n<li>Die Anmeldung f\u00fcr E-Mail Updates<\/li>\n<li>Kontaktaufnahme<\/li>\n<li>Place orders for free or paid products or services<\/li>\n<li>Apply for membership<\/li>\n<li>Complete surveys or provide feedback.<\/li>\n<\/ul>\n<p>[\/et_pb_text][\/et_pb_column][\/et_pb_row][et_pb_row make_equal=&#8220;on&#8220; _builder_version=&#8220;4.16&#8243; _module_preset=&#8220;default&#8220; custom_margin=&#8220;20px||||false|false&#8220; custom_padding=&#8220;0px||0px||true|false&#8220; global_colors_info=&#8220;{}&#8220;][et_pb_column type=&#8220;4_4&#8243; _builder_version=&#8220;4.16&#8243; _module_preset=&#8220;default&#8220; custom_css_main_element=&#8220;align-self: center;&#8220; global_colors_info=&#8220;{}&#8220;][dipl_double_color_heading heading_main_part=&#8220;Diese Informationen k\u00f6nnen beinhalten:&#8220; _builder_version=&#8220;4.16&#8243; _module_preset=&#8220;default&#8220; pre_header_text_color=&#8220;#d7282d&#8220; main_header_font=&#8220;|700|||||||&#8220; main_header_text_color=&#8220;#000000&#8243; main_header_font_size=&#8220;20px&#8220; main_header_line_height=&#8220;26px&#8220; custom_margin=&#8220;||10px||false|false&#8220; global_colors_info=&#8220;{}&#8220;][\/dipl_double_color_heading][et_pb_text _builder_version=&#8220;4.16&#8243; _module_preset=&#8220;default&#8220; text_font=&#8220;|600|||||||&#8220; text_line_height=&#8220;26px&#8220; global_colors_info=&#8220;{}&#8220;]<\/p>\n<ul>\n<li>Name, Rolle und ggf. Organisation<\/li>\n<li>Kontaktdaten, einschlie\u00dflich E-Mail-Adresse<\/li>\n<li>Demographische Informationen wie Postleitzahl und Interessen\n<\/li>\n<\/ul>\n<p>[\/et_pb_text][\/et_pb_column][\/et_pb_row][et_pb_row make_equal=&#8220;on&#8220; _builder_version=&#8220;4.16&#8243; _module_preset=&#8220;default&#8220; custom_margin=&#8220;20px||||false|false&#8220; custom_padding=&#8220;10px||10px||true|false&#8220; global_colors_info=&#8220;{}&#8220;][et_pb_column type=&#8220;4_4&#8243; _builder_version=&#8220;4.16&#8243; _module_preset=&#8220;default&#8220; custom_css_main_element=&#8220;align-self: center;&#8220; global_colors_info=&#8220;{}&#8220;][et_pb_text _builder_version=&#8220;4.16&#8243; _module_preset=&#8220;default&#8220; text_font=&#8220;|600|||||||&#8220; text_line_height=&#8220;26px&#8220; global_colors_info=&#8220;{}&#8220;]Wir speichern Material, welches Sie proaktiv auf unseren Seiten ver\u00f6ffentlichen oder zu unseren Seiten beitragen, sowie jegliche Korrespondenz, die Sie mit uns f\u00fchren.<\/p>\n<p>Wenn Sie uns per E-Mail, Brief oder Telefon kontaktieren, k\u00f6nnen wir diese Informationen auch in unserem Kundenbeziehungsmanagement System (Kundendienst-System) erfassen, um Ihre Anfrage effizient bearbeiten zu k\u00f6nnen.[\/et_pb_text][\/et_pb_column][\/et_pb_row][et_pb_row make_equal=&#8220;on&#8220; _builder_version=&#8220;4.16&#8243; _module_preset=&#8220;default&#8220; custom_margin=&#8220;20px||||false|false&#8220; custom_padding=&#8220;0px||0px||true|false&#8220; global_colors_info=&#8220;{}&#8220;][et_pb_column type=&#8220;4_4&#8243; _builder_version=&#8220;4.16&#8243; _module_preset=&#8220;default&#8220; custom_css_main_element=&#8220;align-self: center;&#8220; global_colors_info=&#8220;{}&#8220;][dipl_double_color_heading heading_main_part=&#8220;Wie verwenden wir Ihre Informationen?&#8220; _builder_version=&#8220;4.16&#8243; _module_preset=&#8220;default&#8220; pre_header_text_color=&#8220;#d7282d&#8220; main_header_font=&#8220;|700|||||||&#8220; main_header_text_color=&#8220;#000000&#8243; main_header_font_size=&#8220;20px&#8220; main_header_line_height=&#8220;26px&#8220; custom_margin=&#8220;||10px||false|false&#8220; global_colors_info=&#8220;{}&#8220;][\/dipl_double_color_heading][et_pb_text _builder_version=&#8220;4.16&#8243; _module_preset=&#8220;default&#8220; text_font=&#8220;|600|||||||&#8220; text_line_height=&#8220;26px&#8220; global_colors_info=&#8220;{}&#8220;]Wir speichern Informationen von Ihnen, um Ihr Konto zu verwalten, Ihre Bestellung zu bearbeiten oder jegliche Vertr\u00e4ge, welche wir mit Ihnen haben, zu erf\u00fcllen.<\/p>\n<p>Ausserdem nutzen wir Ihre Informationen, um Produkte und Dienstleistungen zu entwickeln, welche Ihren Bed\u00fcrfnissen entsprechen. Wenn wir eine rechtm\u00e4ssige Grundlage und Erlaubnis haben, Sie zu kontaktieren, k\u00f6nnen wir diese verwenden, um Ihnen relevante und zeitnahe Informationen \u00fcber, die von uns angebotene Hilfe und Unterst\u00fctzung zu senden.[\/et_pb_text][\/et_pb_column][\/et_pb_row][et_pb_row make_equal=&#8220;on&#8220; _builder_version=&#8220;4.16&#8243; _module_preset=&#8220;default&#8220; custom_margin=&#8220;20px||||false|false&#8220; custom_padding=&#8220;0px||0px||true|false&#8220; global_colors_info=&#8220;{}&#8220;][et_pb_column type=&#8220;4_4&#8243; _builder_version=&#8220;4.16&#8243; _module_preset=&#8220;default&#8220; custom_css_main_element=&#8220;align-self: center;&#8220; global_colors_info=&#8220;{}&#8220;][dipl_double_color_heading heading_main_part=&#8220;Wo speichern wir Ihre Informationen?&#8220; _builder_version=&#8220;4.16&#8243; _module_preset=&#8220;default&#8220; pre_header_text_color=&#8220;#d7282d&#8220; main_header_font=&#8220;|700|||||||&#8220; main_header_text_color=&#8220;#000000&#8243; main_header_font_size=&#8220;20px&#8220; main_header_line_height=&#8220;26px&#8220; custom_margin=&#8220;||10px||false|false&#8220; global_colors_info=&#8220;{}&#8220;][\/dipl_double_color_heading][et_pb_text _builder_version=&#8220;4.16&#8243; _module_preset=&#8220;default&#8220; text_font=&#8220;|600|||||||&#8220; text_line_height=&#8220;26px&#8220; global_colors_info=&#8220;{}&#8220;]<b>Online Formulare<\/b><br \/>\nDie Formulare auf unserer Internetseite sind von einer, in den USA veranstalteten Plattform, erstellt. Somit werden die, von Ihnen zur Verf\u00fcgung gestellten Informationen, zun\u00e4chst dort gespeichert.Dieser Anbieter gew\u00e4hrleistet mit seinem Vertrag, dass ihre T\u00e4tigkeiten die Allgemeine Datenschutzverordnung der EU 2018 erf\u00fcllen. Ebenfalls l\u00f6schen wir regelm\u00e4ssig die Daten aus diesem System.[\/et_pb_text][et_pb_text _builder_version=&#8220;4.16&#8243; _module_preset=&#8220;default&#8220; text_font=&#8220;|600|||||||&#8220; text_line_height=&#8220;26px&#8220; global_colors_info=&#8220;{}&#8220;]<b>Security and encryption<\/b><br \/>\nWe take great care to ensure that our websites operate at the highest security levels and that our suppliers are committed to best practice in digital security. All personal information and financial data is encrypted in transmission. However, the security of data transmission via the internet can never be 100% guaranteed, and data transmission is at your own risk.[\/et_pb_text][\/et_pb_column][\/et_pb_row][\/et_pb_section]<\/p>\n","protected":false},"excerpt":{"rendered":"<p><div class=\"et_pb_module dipl_double_color_heading dipl_double_color_heading_0 \">\n\t\t\t\t\n\t\t\t\t\n\t\t\t\t\n\t\t\t\t\n\t\t\t\t\n\t\t\t\t\n\t\t\t\t<div class=\"et_pb_module_inner\">\n\t\t\t\t\t<div class=\"dipl_text_wrapper\"><h1><span class=\"dipl_pre_text\">Unsere Datenschutzerkl\u00e4rung<\/span><\/h1><\/div>\n\t\t\t\t<\/div>\n\t\t\t<\/div><div class=\"et_pb_module dipl_double_color_heading dipl_double_color_heading_1 \">\n\t\t\t\t\n\t\t\t\t\n\t\t\t\t\n\t\t\t\t\n\t\t\t\t\n\t\t\t\t\n\t\t\t\t<div class=\"et_pb_module_inner\">\n\t\t\t\t\t<div class=\"dipl_text_wrapper\"><h2><span class=\"dipl_main_text\">Welche Informationen speichern wir von Ihnen?<\/span><\/h2><\/div>\n\t\t\t\t<\/div>\n\t\t\t<\/div>Wenn Sie ein Online Formular ausf\u00fcllen, speichern wir [&hellip;]<\/p>\n","protected":false},"author":5,"featured_media":0,"parent":0,"menu_order":0,"comment_status":"closed","ping_status":"closed","template":"","meta":{"_acf_changed":false,"_et_pb_use_builder":"on","_et_pb_old_content":"","_et_gb_content_width":"","inline_featured_image":false,"footnotes":""},"class_list":["post-260604","page","type-page","status-publish","hentry"],"acf":[],"_links":{"self":[{"href":"https:\/\/zakat.ch\/de\/wp-json\/wp\/v2\/pages\/260604","targetHints":{"allow":["GET"]}}],"collection":[{"href":"https:\/\/zakat.ch\/de\/wp-json\/wp\/v2\/pages"}],"about":[{"href":"https:\/\/zakat.ch\/de\/wp-json\/wp\/v2\/types\/page"}],"author":[{"embeddable":true,"href":"https:\/\/zakat.ch\/de\/wp-json\/wp\/v2\/users\/5"}],"replies":[{"embeddable":true,"href":"https:\/\/zakat.ch\/de\/wp-json\/wp\/v2\/comments?post=260604"}],"version-history":[{"count":0,"href":"https:\/\/zakat.ch\/de\/wp-json\/wp\/v2\/pages\/260604\/revisions"}],"wp:attachment":[{"href":"https:\/\/zakat.ch\/de\/wp-json\/wp\/v2\/media?parent=260604"}],"curies":[{"name":"wp","href":"https:\/\/api.w.org\/{rel}","templated":true}]}}