

{"id":260439,"date":"2022-03-30T09:38:24","date_gmt":"2022-03-30T09:38:24","guid":{"rendered":"https:\/\/wpzakatazure.azurewebsites.net\/mach-mit\/pay-zakat\/"},"modified":"2023-10-06T21:44:03","modified_gmt":"2023-10-06T19:44:03","slug":"zakat-zahlen","status":"publish","type":"page","link":"https:\/\/zakat.ch\/de\/mach-mit\/zakat-zahlen\/","title":{"rendered":"Zakat zahlen"},"content":{"rendered":"<p>[et_pb_section fb_built=&#8220;1&#8243; admin_label=&#8220;section&#8220; _builder_version=&#8220;4.16&#8243; global_colors_info=&#8220;{}&#8220;][et_pb_row admin_label=&#8220;row&#8220; _builder_version=&#8220;4.16&#8243; background_size=&#8220;initial&#8220; background_position=&#8220;top_left&#8220; background_repeat=&#8220;repeat&#8220; global_colors_info=&#8220;{}&#8220;][et_pb_column type=&#8220;4_4&#8243; _builder_version=&#8220;4.16&#8243; custom_padding=&#8220;|||&#8220; global_colors_info=&#8220;{}&#8220; custom_padding__hover=&#8220;|||&#8220;][et_pb_text admin_label=&#8220;Text&#8220; _builder_version=&#8220;4.16&#8243; background_size=&#8220;initial&#8220; background_position=&#8220;top_left&#8220; background_repeat=&#8220;repeat&#8220; hover_enabled=&#8220;0&#8243; global_colors_info=&#8220;{}&#8220; sticky_enabled=&#8220;0&#8243;]<\/p>\n<h3>Ihre Zakat macht einen Unterschied und wird gespendet, um die Bildung zu f\u00f6rdern, die prek\u00e4re Lage zu beheben und Menschen in Not zu helfen. Wir danken Ihnen f\u00fcr Ihr Vertrauen!<\/h3>\n<div class=\"rnw-widget-container\"><\/div>\n<p><script src=\"https:\/\/tamaro.raisenow.com\/zakatstiftung-pay-ch\/latest\/widget.js\"><\/script><br \/>\n<script type=\"text\/javascript\">\n  window.rnw.tamaro.runWidget('.rnw-widget-container',\n  {\n    language: \"de\",\n    purposeDetails: {\n      p1:{\n        stored_campaign_id: \"70109000000pceC\",\n        stored_sf_Opportunity_D_Reason__c: \"Zakat.ch - General Zakat Fund\"\n      }\n  }\n});\n<\/script>[\/et_pb_text][\/et_pb_column][\/et_pb_row][\/et_pb_section]<\/p>\n","protected":false},"excerpt":{"rendered":"<p>Ihre Zakat macht einen Unterschied und wird gespendet, um die Bildung zu f\u00f6rdern, die prek\u00e4re Lage zu beheben und Menschen in Not zu helfen. Wir danken Ihnen f\u00fcr Ihr Vertrauen!<\/p>\n","protected":false},"author":4,"featured_media":261779,"parent":257902,"menu_order":2,"comment_status":"closed","ping_status":"closed","template":"","meta":{"_acf_changed":false,"_et_pb_use_builder":"on","_et_pb_old_content":"<h3>Ihre Zakat macht einen Unterschied und wird gespendet, um die Bildung zu f\u00f6rdern, die prek\u00e4re Lage zu beheben und Menschen in Not zu helfen. Wir danken Ihnen f\u00fcr Ihr Vertrauen!<\/h3>\r\n\r\n<div class=\"rnw-widget-container\"><\/div>\r\n<script src=\"https:\/\/tamaro.raisenow.com\/zakatstiftung-pay-ch\/latest\/widget.js\"><\/script>\r\n<script type=\"text\/javascript\">\r\n  window.rnw.tamaro.runWidget('.rnw-widget-container',\r\n  {\r\n    language: \"de\",\r\n    purposeDetails: {\r\n      p1:{\r\n        stored_campaign_id: \"70109000000pceC\",\r\n        stored_sf_Opportunity_D_Reason__c: \"Zakat.ch - General Zakat Fund\"\r\n      }\r\n  }\r\n});\r\n<\/script>","_et_gb_content_width":"","inline_featured_image":false,"footnotes":""},"class_list":["post-260439","page","type-page","status-publish","has-post-thumbnail","hentry"],"acf":[],"_links":{"self":[{"href":"https:\/\/zakat.ch\/de\/wp-json\/wp\/v2\/pages\/260439","targetHints":{"allow":["GET"]}}],"collection":[{"href":"https:\/\/zakat.ch\/de\/wp-json\/wp\/v2\/pages"}],"about":[{"href":"https:\/\/zakat.ch\/de\/wp-json\/wp\/v2\/types\/page"}],"author":[{"embeddable":true,"href":"https:\/\/zakat.ch\/de\/wp-json\/wp\/v2\/users\/4"}],"replies":[{"embeddable":true,"href":"https:\/\/zakat.ch\/de\/wp-json\/wp\/v2\/comments?post=260439"}],"version-history":[{"count":0,"href":"https:\/\/zakat.ch\/de\/wp-json\/wp\/v2\/pages\/260439\/revisions"}],"up":[{"embeddable":true,"href":"https:\/\/zakat.ch\/de\/wp-json\/wp\/v2\/pages\/257902"}],"wp:featuredmedia":[{"embeddable":true,"href":"https:\/\/zakat.ch\/de\/wp-json\/wp\/v2\/media\/261779"}],"wp:attachment":[{"href":"https:\/\/zakat.ch\/de\/wp-json\/wp\/v2\/media?parent=260439"}],"curies":[{"name":"wp","href":"https:\/\/api.w.org\/{rel}","templated":true}]}}