

{"id":257762,"date":"2022-01-23T17:27:37","date_gmt":"2022-01-23T17:27:37","guid":{"rendered":"https:\/\/wpzakatazure.azurewebsites.net\/give\/"},"modified":"2025-03-21T17:55:56","modified_gmt":"2025-03-21T15:55:56","slug":"spenden","status":"publish","type":"page","link":"https:\/\/zakat.ch\/de\/mach-mit\/spenden\/","title":{"rendered":"Spenden"},"content":{"rendered":"<p>[et_pb_section fb_built=&#8220;1&#8243; admin_label=&#8220;section&#8220; _builder_version=&#8220;4.16&#8243; locked=&#8220;off&#8220; collapsed=&#8220;off&#8220; global_colors_info=&#8220;{}&#8220;][et_pb_row admin_label=&#8220;row&#8220; _builder_version=&#8220;4.16&#8243; background_size=&#8220;initial&#8220; background_position=&#8220;top_left&#8220; background_repeat=&#8220;repeat&#8220; global_colors_info=&#8220;{}&#8220;][et_pb_column type=&#8220;4_4&#8243; _builder_version=&#8220;4.16&#8243; custom_padding=&#8220;|||&#8220; global_colors_info=&#8220;{}&#8220; custom_padding__hover=&#8220;|||&#8220;][et_pb_code _builder_version=&#8220;4.27.4&#8243; _module_preset=&#8220;default&#8220; hover_enabled=&#8220;0&#8243; locked=&#8220;off&#8220; global_colors_info=&#8220;{}&#8220; sticky_enabled=&#8220;0&#8243;]<!-- [et_pb_line_break_holder] --><pee>Ihre Spende wird einen Unterschied machen, egal wie gross oder klein sie ist. Ihre Spende wird zur L\u00f6sung gesellschaftlicher und wirtschaftlicher Herausforderungen.<\/pee><!-- [et_pb_line_break_holder] --><!\u2013- [et_pb_br_holder] -\u2013><!-- [et_pb_line_break_holder] --><!-- [et_pb_line_break_holder] --><!-- [et_pb_line_break_holder] --><!-- [et_pb_line_break_holder] --><\/p>\n<div class=\"rnw-widget-container\"><\/div>\n<p><!-- [et_pb_line_break_holder] --><script src=\"https:\/\/tamaro.raisenow.com\/zakatstiftung-ch\/latest\/widget.js\"><\/script><!-- [et_pb_line_break_holder] --><script><!-- [et_pb_line_break_holder] -->var details = { <!-- [et_pb_line_break_holder] -->  language: \"de\", <!-- [et_pb_line_break_holder] -->  <!-- [et_pb_line_break_holder] -->purposes: [\"p1\", \"p2\", \"p3\", \"p4\", \"p5\",\"p6\",\"p7\",\"p8\",\"p9\"], <!-- [et_pb_line_break_holder] -->  translations: { <!-- [et_pb_line_break_holder] -->    de: {<!-- [et_pb_line_break_holder] -->     purposes: {<!-- [et_pb_line_break_holder] -->        p1: 'Ich unterst\u00fctze Entwicklungsprojekte in Tunesien',<!-- [et_pb_line_break_holder] -->        p2: 'Zakat El Fitr (Min. CHF 15 pro Person)',<!-- [et_pb_line_break_holder] -->        p3: 'Ich unterst\u00fctze die Entwicklung der Stiftung',<!-- [et_pb_line_break_holder] -->\tp4: 'Ich spende f\u00fcr Familien in finanziellen Schwierigkeiten',<!-- [et_pb_line_break_holder] -->        p5: 'Ich spende f\u00fcr Bildung (Studierende, Stipendien)',<!-- [et_pb_line_break_holder] -->\tp6: 'Ich unterst\u00fctze den islamischen Religionsunterricht f\u00fcr Kinder in den Primarschulen',<!-- [et_pb_line_break_holder] -->        p7: 'Fidya - CHF 10 pro nicht ersetzbarem Fastentag',<!-- [et_pb_line_break_holder] -->        p8: 'Kaffara - CHF 600 als S\u00fchne f\u00fcr absichtlich gebrochenes Fasten w\u00e4hrend des Ramadan (CHF10x60)',<!-- [et_pb_line_break_holder] -->        p9: 'Riba (Zinsen) - Zinsen entfernen lassen',<!-- [et_pb_line_break_holder] -->      },<!-- [et_pb_line_break_holder] -->    }<!-- [et_pb_line_break_holder] -->    }<!-- [et_pb_line_break_holder] -->,   <!-- [et_pb_line_break_holder] --><!-- [et_pb_line_break_holder] --><!-- [et_pb_line_break_holder] -->paymentFormPrefill: { <!-- [et_pb_line_break_holder] -->  stored_sf_Opportunity_DReason__c: \"World Emergency\" <!-- [et_pb_line_break_holder] -->  }, <!-- [et_pb_line_break_holder] -->  purposeDetails: { <!-- [et_pb_line_break_holder] -->    p1:{ <!-- [et_pb_line_break_holder] -->      stored_campaign_id: \"70109000001JMEs\", <!-- [et_pb_line_break_holder] -->    }, <!-- [et_pb_line_break_holder] -->    p2:{ <!-- [et_pb_line_break_holder] -->      stored_campaign_id: \"70109000000pcsJ\", <!-- [et_pb_line_break_holder] -->    }, <!-- [et_pb_line_break_holder] -->    p3:{ <!-- [et_pb_line_break_holder] -->      stored_campaign_id: \"70109000000pce2\", <!-- [et_pb_line_break_holder] -->    }, <!-- [et_pb_line_break_holder] -->    p4:{ <!-- [et_pb_line_break_holder] -->      stored_campaign_id: \"70109000000pce3\", <!-- [et_pb_line_break_holder] -->    }, <!-- [et_pb_line_break_holder] -->    p5:{ <!-- [et_pb_line_break_holder] -->      stored_campaign_id: \"70109000000pce7\", <!-- [et_pb_line_break_holder] -->    }, <!-- [et_pb_line_break_holder] -->    p6:{ <!-- [et_pb_line_break_holder] -->      stored_campaign_id: \"70109000000pce7\", <!-- [et_pb_line_break_holder] -->    }, <!-- [et_pb_line_break_holder] -->    p7:{ <!-- [et_pb_line_break_holder] -->      stored_campaign_id: \"70109000000pcsF\", <!-- [et_pb_line_break_holder] -->    },<!-- [et_pb_line_break_holder] -->    p8:{ <!-- [et_pb_line_break_holder] -->      stored_campaign_id: \"70109000000pcsF\", <!-- [et_pb_line_break_holder] -->    }, <!-- [et_pb_line_break_holder] -->    p9:{ <!-- [et_pb_line_break_holder] -->      stored_campaign_id: \"70109000000pcsO\", <!-- [et_pb_line_break_holder] -->    } <!-- [et_pb_line_break_holder] -->  } <!-- [et_pb_line_break_holder] -->};<!-- [et_pb_line_break_holder] --><!-- [et_pb_line_break_holder] -->function purposeChangedHandler(event) {<!-- [et_pb_line_break_holder] -->  switch (event.data.api.paymentForm.data.purpose) {<!-- [et_pb_line_break_holder] -->    case \"p1\":<!-- [et_pb_line_break_holder] -->      event.data.api.paymentForm.data.stored_sf_Opportunity_DReason__c = \"World Emergency\";<!-- [et_pb_line_break_holder] -->      break;<!-- [et_pb_line_break_holder] -->    case \"p2\":<!-- [et_pb_line_break_holder] -->      event.data.api.paymentForm.data.stored_sf_Opportunity_DReason__c = \"Zakat.ch - Zakat el Fitr Fund\";<!-- [et_pb_line_break_holder] -->      break;<!-- [et_pb_line_break_holder] -->    case \"p3\":<!-- [et_pb_line_break_holder] -->      event.data.api.paymentForm.data.stored_sf_Opportunity_DReason__c = \"Zakat.ch - General Donation Fund\";<!-- [et_pb_line_break_holder] -->      break;<!-- [et_pb_line_break_holder] -->    case \"p4\":<!-- [et_pb_line_break_holder] -->      event.data.api.paymentForm.data.stored_sf_Opportunity_DReason__c = \"Zakat.ch - Hardship & Debt Fund\";<!-- [et_pb_line_break_holder] -->      break;<!-- [et_pb_line_break_holder] -->    case \"p5\":<!-- [et_pb_line_break_holder] -->      event.data.api.paymentForm.data.stored_sf_Opportunity_DReason__c = \"Zakat.ch - Training & Education Fund\";<!-- [et_pb_line_break_holder] -->      break;<!-- [et_pb_line_break_holder] -->    case \"p6\":<!-- [et_pb_line_break_holder] -->      event.data.api.paymentForm.data.stored_sf_Opportunity_DReason__c = \"Zakat.ch - Training & Education Fund\";<!-- [et_pb_line_break_holder] -->      break;<!-- [et_pb_line_break_holder] -->    case \"p7\":<!-- [et_pb_line_break_holder] -->      event.data.api.paymentForm.data.stored_sf_Opportunity_DReason__c = \"Zakat.ch - Fidya & Kaffara Fund\";<!-- [et_pb_line_break_holder] -->      break;<!-- [et_pb_line_break_holder] -->   case \"p8\":<!-- [et_pb_line_break_holder] -->      event.data.api.paymentForm.data.stored_sf_Opportunity_DReason__c = \"Zakat.ch - Fidya & Kaffara Fund\";<!-- [et_pb_line_break_holder] -->      break;<!-- [et_pb_line_break_holder] -->   case \"p9\":<!-- [et_pb_line_break_holder] -->      event.data.api.paymentForm.data.stored_sf_Opportunity_DReason__c = \"Zakat.ch - Riba Fund\";<!-- [et_pb_line_break_holder] -->      break;<!-- [et_pb_line_break_holder] -->    default:<!-- [et_pb_line_break_holder] -->      event.data.api.paymentForm.data.stored_sf_Opportunity_DReason__c = \"Zakat.ch - Hardship & Debt Fund\";<!-- [et_pb_line_break_holder] -->  }<!-- [et_pb_line_break_holder] -->}<!-- [et_pb_line_break_holder] -->  <!-- [et_pb_line_break_holder] -->  <!-- [et_pb_line_break_holder] -->window.rnw.tamaro.events.purposeChanged.subscribe(purposeChangedHandler); <!-- [et_pb_line_break_holder] -->window.rnw.tamaro.runWidget('.rnw-widget-container', details); <!-- [et_pb_line_break_holder] --><\/script><!-- [et_pb_line_break_holder] -->[\/et_pb_code][\/et_pb_column][\/et_pb_row][\/et_pb_section]<\/p>\n","protected":false},"excerpt":{"rendered":"","protected":false},"author":4,"featured_media":0,"parent":257902,"menu_order":2,"comment_status":"closed","ping_status":"closed","template":"","meta":{"_acf_changed":false,"_et_pb_use_builder":"on","_et_pb_old_content":"<!-- wp:paragraph -->\r\n<p>Ihre Spende wird einen Unterschied machen, egal wie gross oder klein sie ist. Ihre Spende wird zur L\u00f6sung gesellschaftlicher und wirtschaftlicher Herausforderungen in Ihrer Gemeinschaft in der Schweiz eingesetzt.<\/p>\r\n<br>\r\n<!-- \/wp:paragraph -->\r\n\r\n<!-- wp:html -->\r\n<div class=\"rnw-widget-container\"><\/div>\r\n<script src=\"https:\/\/tamaro.raisenow.com\/zakatstiftung-ch\/latest\/widget.js\"><\/script>\r\n<script>\r\nvar details = { \r\n  language: \"de\", \r\n  paymentFormPrefill: { \r\n    stored_sf_Opportunity_DReason__c: \"Hardship\" \r\n  }, \r\n  purposeDetails: { \r\n    p1:{ \r\n      stored_campaign_id: \"70109000000Al5eAAC\", \r\n    }, \r\n    p2:{ \r\n      stored_campaign_id: \"70109000000Al5eAAC\", \r\n    }, \r\n    p3:{ \r\n      stored_campaign_id: \"70109000000Al5eAAC\", \r\n    }, \r\n    p4:{ \r\n      stored_campaign_id: \"70109000000Al5eAAC\", \r\n    }, \r\n    p5:{ \r\n      stored_campaign_id: \"70109000000Al5eAAC\", \r\n    }, \r\n    p6:{ \r\n      stored_campaign_id: \"70109000000Al5eAAC\", \r\n    }, \r\n    p7:{ \r\n      stored_campaign_id: \"70109000000Al5eAAC\", \r\n    } \r\n  } \r\n};\r\n\r\nfunction purposeChangedHandler(event) {\r\n  switch (event.data.api.paymentForm.data.purpose) {\r\n    case \"p1\":\r\n      event.data.api.paymentForm.data.stored_sf_Opportunity_DReason__c = \"Hardship\";\r\n      break;\r\n    case \"p2\":\r\n      event.data.api.paymentForm.data.stored_sf_Opportunity_DReason__c = \"Education\";\r\n      break;\r\n    case \"p3\":\r\n      event.data.api.paymentForm.data.stored_sf_Opportunity_DReason__c = \"Debt\";\r\n      break;\r\n    case \"p4\":\r\n      event.data.api.paymentForm.data.stored_sf_Opportunity_DReason__c = \"Sadaqa\";\r\n      break;\r\n    case \"p5\":\r\n      event.data.api.paymentForm.data.stored_sf_Opportunity_DReason__c = \"Fidya\";\r\n      break;\r\n    case \"p6\":\r\n      event.data.api.paymentForm.data.stored_sf_Opportunity_DReason__c = \"Kaffara\";\r\n      break;\r\n    case \"p7\":\r\n      event.data.api.paymentForm.data.stored_sf_Opportunity_DReason__c = \"Riba\";\r\n      break;\r\n    default:\r\n      event.data.api.paymentForm.data.stored_sf_Opportunity_DReason__c = \"Hardship\";\r\n  }\r\n}\r\nwindow.rnw.tamaro.events.purposeChanged.subscribe(purposeChangedHandler); \r\nwindow.rnw.tamaro.runWidget('.rnw-widget-container', details); \r\n<\/script>\r\n<!-- \/wp:html -->","_et_gb_content_width":"","inline_featured_image":false,"footnotes":""},"class_list":["post-257762","page","type-page","status-publish","hentry"],"acf":[],"_links":{"self":[{"href":"https:\/\/zakat.ch\/de\/wp-json\/wp\/v2\/pages\/257762","targetHints":{"allow":["GET"]}}],"collection":[{"href":"https:\/\/zakat.ch\/de\/wp-json\/wp\/v2\/pages"}],"about":[{"href":"https:\/\/zakat.ch\/de\/wp-json\/wp\/v2\/types\/page"}],"author":[{"embeddable":true,"href":"https:\/\/zakat.ch\/de\/wp-json\/wp\/v2\/users\/4"}],"replies":[{"embeddable":true,"href":"https:\/\/zakat.ch\/de\/wp-json\/wp\/v2\/comments?post=257762"}],"version-history":[{"count":0,"href":"https:\/\/zakat.ch\/de\/wp-json\/wp\/v2\/pages\/257762\/revisions"}],"up":[{"embeddable":true,"href":"https:\/\/zakat.ch\/de\/wp-json\/wp\/v2\/pages\/257902"}],"wp:attachment":[{"href":"https:\/\/zakat.ch\/de\/wp-json\/wp\/v2\/media?parent=257762"}],"curies":[{"name":"wp","href":"https:\/\/api.w.org\/{rel}","templated":true}]}}